{"id":3696,"date":"2021-12-14T12:07:33","date_gmt":"2021-12-14T12:07:33","guid":{"rendered":"https:\/\/gudayterreros.com\/servicios-es\/"},"modified":"2021-12-17T09:00:01","modified_gmt":"2021-12-17T09:00:01","slug":"servicios","status":"publish","type":"page","link":"https:\/\/gudayterreros.com\/es\/servicios\/","title":{"rendered":"Servicios &#8211; ES"},"content":{"rendered":"<p>[et_pb_section fb_built=\u00bb1&#8243; _builder_version=\u00bb4.14.1&#8243; _module_preset=\u00bbdefault\u00bb background_color=\u00bbRGBA(255,255,255,0)\u00bb global_colors_info=\u00bb{}\u00bb][et_pb_row _builder_version=\u00bb4.14.1&#8243; _module_preset=\u00bbdefault\u00bb global_colors_info=\u00bb{}\u00bb][et_pb_column type=\u00bb4_4&#8243; _builder_version=\u00bb4.14.1&#8243; _module_preset=\u00bbdefault\u00bb global_colors_info=\u00bb{}\u00bb][et_pb_text _builder_version=\u00bb4.14.1&#8243; _module_preset=\u00bbdefault\u00bb header_font=\u00bbRaleway|300|||||||\u00bb header_text_color=\u00bb#616060&#8243; global_colors_info=\u00bb{}\u00bb]<\/p>\n<h1>Servicios<\/h1>\n<p>[\/et_pb_text][\/et_pb_column][\/et_pb_row][et_pb_row column_structure=\u00bb1_2,1_2&#8243; _builder_version=\u00bb4.14.1&#8243; _module_preset=\u00bbdefault\u00bb global_colors_info=\u00bb{}\u00bb][et_pb_column type=\u00bb1_2&#8243; _builder_version=\u00bb4.14.1&#8243; _module_preset=\u00bbdefault\u00bb global_colors_info=\u00bb{}\u00bb][et_pb_text _builder_version=\u00bb4.14.1&#8243; _module_preset=\u00bbdefault\u00bb text_font=\u00bbRaleway||||||||\u00bb text_text_color=\u00bb#616060&#8243; header_font=\u00bbRaleway|300|||||||\u00bb header_text_color=\u00bb#616060&#8243; global_colors_info=\u00bb{}\u00bb]<\/p>\n<h5>ASESORAMIENTO T\u00c9CNICO<\/h5>\n<p>En Guday Terreros Arquitectura basamos nuestra aportaci\u00f3n al cliente en el asesoramiento t\u00e9cnico de calidad y la implicaci\u00f3n directa en cada tipo de proyecto mediante el m\u00e9todo del \u00abDesign Thinking\u00bb, que se desarrolla en cinco etapas:<\/p>\n<p>&#8211; Inmersi\u00f3n en el proyecto de la mano del cliente.<br \/>\n&#8211; Definir el reto que plantea el proyecto.<br \/>\n&#8211; Idear la soluci\u00f3n para el proyecto, buscando ser disruptivos, para conseguir un resultado lo m\u00e1s id\u00f3neo posible.<br \/>\n&#8211; hacer una maqueta del proyecto.<br \/>\n&#8211; Evaluar con el cliente la soluci\u00f3n definitiva.[\/et_pb_text][\/et_pb_column][et_pb_column type=\u00bb1_2&#8243; _builder_version=\u00bb4.14.1&#8243; _module_preset=\u00bbdefault\u00bb global_colors_info=\u00bb{}\u00bb][et_pb_image src=\u00bbhttps:\/\/gudayterreros.com\/wp-content\/uploads\/2021\/11\/img4.png\u00bb title_text=\u00bbimg4&#8243; _builder_version=\u00bb4.14.1&#8243; _module_preset=\u00bbdefault\u00bb global_colors_info=\u00bb{}\u00bb][\/et_pb_image][\/et_pb_column][\/et_pb_row][et_pb_row column_structure=\u00bb1_2,1_2&#8243; _builder_version=\u00bb4.14.1&#8243; _module_preset=\u00bbdefault\u00bb global_colors_info=\u00bb{}\u00bb][et_pb_column type=\u00bb1_2&#8243; _builder_version=\u00bb4.14.1&#8243; _module_preset=\u00bbdefault\u00bb global_colors_info=\u00bb{}\u00bb][et_pb_image src=\u00bbhttps:\/\/gudayterreros.com\/wp-content\/uploads\/2021\/11\/img3.png\u00bb title_text=\u00bbimg3&#8243; disabled_on=\u00bbon|on|off\u00bb _builder_version=\u00bb4.14.1&#8243; _module_preset=\u00bbdefault\u00bb global_colors_info=\u00bb{}\u00bb][\/et_pb_image][\/et_pb_column][et_pb_column type=\u00bb1_2&#8243; _builder_version=\u00bb4.14.1&#8243; _module_preset=\u00bbdefault\u00bb global_colors_info=\u00bb{}\u00bb][et_pb_text _builder_version=\u00bb4.14.1&#8243; _module_preset=\u00bbdefault\u00bb text_font=\u00bbRaleway||||||||\u00bb text_text_color=\u00bb#616060&#8243; header_font=\u00bbRaleway|300|||||||\u00bb header_text_color=\u00bb#616060&#8243; global_colors_info=\u00bb{}\u00bb]<\/p>\n<h5>PROYECTOS<\/h5>\n<p>Desarrollamos:<br \/>\n&#8211; Proyectos de Arquitectura: Anteproyectos, Proyectos B\u00e1sicos, Proyectos Ejecutivos, Direcciones de Obra, Mediciones y Presupuestos.<\/p>\n<p>El detalle en los proyectos puede incluir:<br \/>\n\u00b7 planos de distribuci\u00f3n.<br \/>\n\u00b7 planos de detalles constructivos.<br \/>\n\u00b7 planos estructurales.<br \/>\n\u00b7 planos de Instalaciones: electricidad, telecomunicaciones, dom\u00f3tica y sonido, incendios y climatizaci\u00f3n.<br \/>\n\u00b7 Estudios de Sostenibilidad.<br \/>\n\u00b7 planos de detalle del mobiliario.<\/p>\n<p>&#8211; Proyectos de Urbanismo.<br \/>\n&#8211; Proyectos de Ingenier\u00eda.<br \/>\n&#8211; Proyectos BIM.<br \/>\n&#8211; Proyectos de Sostenibilidad y de Eficiencia Energ\u00e9tica y ITEs.<br \/>\n&#8211; Proyectos de Derribo.<br \/>\n&#8211; Proyectos de Reforma.<br \/>\n&#8211; Proyectos de Rehabilitaci\u00f3n.<\/p>\n<p>Tambi\u00e9n desarrollamos Proyectos de Arquitectura de Interiores.<\/p>\n<p>Por otro lado, nuestra voluntad de Asesorar y acompa\u00f1ar nuestro cliente nos lleva a cumplimentar todo tipo de certificados, peritaciones, certificados de eficiencia energ\u00e9tica, c\u00e9dulas de habitabilidad, y otros documentos para que se puedan obtener las pertinentes licencias de Obras, licencias de Actividades, o los finales de Obras con los que poder registrar las edificaciones.[\/et_pb_text][et_pb_image src=\u00bbhttps:\/\/gudayterreros.com\/wp-content\/uploads\/2021\/11\/img3.png\u00bb title_text=\u00bbimg3&#8243; disabled_on=\u00bboff|off|on\u00bb _builder_version=\u00bb4.14.1&#8243; _module_preset=\u00bbdefault\u00bb global_colors_info=\u00bb{}\u00bb][\/et_pb_image][\/et_pb_column][\/et_pb_row][et_pb_row column_structure=\u00bb1_2,1_2&#8243; _builder_version=\u00bb4.14.1&#8243; _module_preset=\u00bbdefault\u00bb global_colors_info=\u00bb{}\u00bb][et_pb_column type=\u00bb1_2&#8243; _builder_version=\u00bb4.14.1&#8243; _module_preset=\u00bbdefault\u00bb global_colors_info=\u00bb{}\u00bb][et_pb_text _builder_version=\u00bb4.14.1&#8243; _module_preset=\u00bbdefault\u00bb text_font=\u00bbRaleway||||||||\u00bb text_text_color=\u00bb#616060&#8243; header_font=\u00bbRaleway|300|||||||\u00bb header_text_color=\u00bb#616060&#8243; global_colors_info=\u00bb{}\u00bb]<\/p>\n<h5>DIRECCI\u00d3N DE OBRA<\/h5>\n<p>Llevamos a cabo el control y la direcci\u00f3n de la ejecuci\u00f3n de las Obras, y hacemos el seguimiento a lo largo de todo el proceso, teniendo siempre en cuenta: la normativa legal vigente, las necesidades t\u00e9cnicas de cada Obra, la necesidad de minimizar los costes de ejecuci\u00f3n y la voluntad de mantener la calidad de la Obra hasta el final.[\/et_pb_text][\/et_pb_column][et_pb_column type=\u00bb1_2&#8243; _builder_version=\u00bb4.14.1&#8243; _module_preset=\u00bbdefault\u00bb global_colors_info=\u00bb{}\u00bb][et_pb_image src=\u00bbhttps:\/\/gudayterreros.com\/wp-content\/uploads\/2021\/11\/img4.png\u00bb title_text=\u00bbimg4&#8243; _builder_version=\u00bb4.14.1&#8243; _module_preset=\u00bbdefault\u00bb global_colors_info=\u00bb{}\u00bb][\/et_pb_image][\/et_pb_column][\/et_pb_row][et_pb_row column_structure=\u00bb1_2,1_2&#8243; _builder_version=\u00bb4.14.1&#8243; _module_preset=\u00bbdefault\u00bb global_colors_info=\u00bb{}\u00bb][et_pb_column type=\u00bb1_2&#8243; _builder_version=\u00bb4.14.1&#8243; _module_preset=\u00bbdefault\u00bb global_colors_info=\u00bb{}\u00bb][et_pb_image src=\u00bbhttps:\/\/gudayterreros.com\/wp-content\/uploads\/2021\/11\/img3.png\u00bb title_text=\u00bbimg3&#8243; disabled_on=\u00bbon|on|off\u00bb _builder_version=\u00bb4.14.1&#8243; _module_preset=\u00bbdefault\u00bb global_colors_info=\u00bb{}\u00bb][\/et_pb_image][\/et_pb_column][et_pb_column type=\u00bb1_2&#8243; _builder_version=\u00bb4.14.1&#8243; _module_preset=\u00bbdefault\u00bb global_colors_info=\u00bb{}\u00bb][et_pb_text _builder_version=\u00bb4.14.1&#8243; _module_preset=\u00bbdefault\u00bb text_font=\u00bbRaleway||||||||\u00bb text_text_color=\u00bb#616060&#8243; header_font=\u00bbRaleway|300|||||||\u00bb header_text_color=\u00bb#616060&#8243; global_colors_info=\u00bb{}\u00bb]<\/p>\n<h5>PROJECT MANAGEMENT<\/h5>\n<p>Asesoramos y guiamos al cliente en todo el proceso.<br \/>\nConfiguramos todo tipo de planificaci\u00f3n en los proyectos de manera integrada.<\/p>\n<p>La experiencia y la formaci\u00f3n del equipo nos permite ofrecer planes de acci\u00f3n para gestionar el riesgo, el tiempo, el coste, y la calidad para mantener el control y la transparencia en todo el proceso proyectual y constructivo, ofreciendo estudios de viabilidad y la planificaci\u00f3n en el tiempo de las ejecuciones.<\/p>\n<p>Los Servicios que ofrecemos son:<br \/>\n&#8211; Monitoraje.<br \/>\n&#8211; Control de Costes.<br \/>\n&#8211; Cronograma temporal.<br \/>\n&#8211; Coordinaci\u00f3n BIM.<br \/>\n&#8211; Coordinaci\u00f3n de la Sostenibilidad del proyecto y de la obra.<br \/>\n&#8211; Coordinaci\u00f3n de la Calidad del proyecto y de la obra.[\/et_pb_text][et_pb_image src=\u00bbhttps:\/\/gudayterreros.com\/wp-content\/uploads\/2021\/11\/img3.png\u00bb title_text=\u00bbimg3&#8243; disabled_on=\u00bboff|off|on\u00bb _builder_version=\u00bb4.14.1&#8243; _module_preset=\u00bbdefault\u00bb global_colors_info=\u00bb{}\u00bb][\/et_pb_image][\/et_pb_column][\/et_pb_row][et_pb_row column_structure=\u00bb1_2,1_2&#8243; _builder_version=\u00bb4.14.1&#8243; _module_preset=\u00bbdefault\u00bb custom_margin=\u00bb||4em||false|false\u00bb global_colors_info=\u00bb{}\u00bb][et_pb_column type=\u00bb1_2&#8243; _builder_version=\u00bb4.14.1&#8243; _module_preset=\u00bbdefault\u00bb global_colors_info=\u00bb{}\u00bb][et_pb_text _builder_version=\u00bb4.14.1&#8243; _module_preset=\u00bbdefault\u00bb text_font=\u00bbRaleway||||||||\u00bb text_text_color=\u00bb#616060&#8243; header_font=\u00bbRaleway|300|||||||\u00bb header_text_color=\u00bb#616060&#8243; global_colors_info=\u00bb{}\u00bb]<\/p>\n<h5>CONSULTOR\u00cdA T\u00c9CNICA<\/h5>\n<p>En los \u00faltimos a\u00f1os hemos ido incluyendo nuevos Servicios de Consultor\u00eda que ayudan a nuestros clientes a poder tomar decisiones y ejecutarlas de forma m\u00e1s profesional:<\/p>\n<p>&#8211; Estudios previos de pre-construcci\u00f3n.<br \/>\n&#8211; Estudio de ocupaci\u00f3n de los puestos de trabajo, dirigido a Edificios de Oficinas.<br \/>\n&#8211; Gesti\u00f3n del programa de necesidades o funcional.<br \/>\n&#8211; Estudio de viabilidad funcional-constructivo-temporal.<\/p>\n<p>&#8211; Plan de ejecuci\u00f3n de traslado.<br \/>\n&#8211; Cronograma temporal inicial.<\/p>\n<p>&#8211; Auditor\u00edas energ\u00e9ticas (EN 16247, RD56 \/ 2016, Dir.27 \/ 2012).<br \/>\n&#8211; Servicios de certificaci\u00f3n de sistemas de Gesti\u00f3n Energ\u00e9tica ISO 50001.<br \/>\n&#8211; Servicios de certificaci\u00f3n de sistemas de Gesti\u00f3n Ambiental ISO 14001.<br \/>\n&#8211; Servicios de certificaci\u00f3n Breeam (nueva construcci\u00f3n o en uso MANUAL).<br \/>\n&#8211; Servicios de certificaci\u00f3n LEED (procedimientos).<br \/>\n&#8211; Servicios de certificaci\u00f3n VERDE.<br \/>\n&#8211; Servicios de certificaci\u00f3n Passivhaus (edificios de bajo consumo).<\/p>\n<p>&#8211; Control de Calidad.<\/p>\n<p>&#8211; Proyectos de Implantaci\u00f3n o de puesta en marcha.<br \/>\n&#8211; Planes de Mantenimiento.<\/p>\n<p>&#8211; Planes de Comunicaci\u00f3n.[\/et_pb_text][\/et_pb_column][et_pb_column type=\u00bb1_2&#8243; _builder_version=\u00bb4.14.1&#8243; _module_preset=\u00bbdefault\u00bb global_colors_info=\u00bb{}\u00bb][et_pb_image src=\u00bbhttps:\/\/gudayterreros.com\/wp-content\/uploads\/2021\/11\/img4.png\u00bb title_text=\u00bbimg4&#8243; _builder_version=\u00bb4.14.1&#8243; _module_preset=\u00bbdefault\u00bb global_colors_info=\u00bb{}\u00bb][\/et_pb_image][\/et_pb_column][\/et_pb_row][\/et_pb_section]<\/p>\n","protected":false},"excerpt":{"rendered":"<p>ServiciosASESORAMIENTO T\u00c9CNICO En Guday Terreros Arquitectura basamos nuestra aportaci\u00f3n al cliente en el asesoramiento t\u00e9cnico de calidad y la implicaci\u00f3n directa en cada tipo de proyecto mediante el m\u00e9todo del \u00abDesign Thinking\u00bb, que se desarrolla en cinco etapas: &#8211; Inmersi\u00f3n en el proyecto de la mano del cliente. &#8211; Definir el reto que plantea el [&hellip;]<\/p>\n","protected":false},"author":1,"featured_media":0,"parent":0,"menu_order":0,"comment_status":"closed","ping_status":"closed","template":"","meta":{"_et_pb_use_builder":"on","_et_pb_old_content":"","_et_gb_content_width":""},"acf":[],"yoast_head":"<!-- This site is optimized with the Yoast SEO plugin v19.10 - https:\/\/yoast.com\/wordpress\/plugins\/seo\/ -->\n<title>Arquitectura, decoraci\u00f3n y asesoramiento t\u00e9cnico | Guday Terreros<\/title>\n<meta name=\"description\" content=\"En Guday Terreros Arquitectura nos encargamos de todo: consultor\u00eda, dise\u00f1o de espacios, proyectos, certificados, asesor\u00eda t\u00e9cnica y direcci\u00f3n de obra\" \/>\n<meta name=\"robots\" content=\"index, follow, max-snippet:-1, max-image-preview:large, max-video-preview:-1\" \/>\n<link rel=\"canonical\" href=\"https:\/\/gudayterreros.com\/es\/servicios\/\" \/>\n<meta property=\"og:locale\" content=\"es_ES\" \/>\n<meta property=\"og:type\" content=\"article\" \/>\n<meta property=\"og:title\" content=\"Arquitectura, decoraci\u00f3n y asesoramiento t\u00e9cnico | Guday Terreros\" \/>\n<meta property=\"og:description\" content=\"En Guday Terreros Arquitectura nos encargamos de todo: consultor\u00eda, dise\u00f1o de espacios, proyectos, certificados, asesor\u00eda t\u00e9cnica y direcci\u00f3n de obra\" \/>\n<meta property=\"og:url\" content=\"https:\/\/gudayterreros.com\/es\/servicios\/\" \/>\n<meta property=\"og:site_name\" content=\"Guday Terreros\" \/>\n<meta property=\"article:modified_time\" content=\"2021-12-17T09:00:01+00:00\" \/>\n<meta name=\"twitter:card\" content=\"summary_large_image\" \/>\n<meta name=\"twitter:label1\" content=\"Tiempo de lectura\" \/>\n\t<meta name=\"twitter:data1\" content=\"6 minutos\" \/>\n<script type=\"application\/ld+json\" class=\"yoast-schema-graph\">{\"@context\":\"https:\/\/schema.org\",\"@graph\":[{\"@type\":\"WebPage\",\"@id\":\"https:\/\/gudayterreros.com\/es\/servicios\/\",\"url\":\"https:\/\/gudayterreros.com\/es\/servicios\/\",\"name\":\"Arquitectura, decoraci\u00f3n y asesoramiento t\u00e9cnico | Guday Terreros\",\"isPartOf\":{\"@id\":\"https:\/\/gudayterreros.com\/es\/#website\"},\"datePublished\":\"2021-12-14T12:07:33+00:00\",\"dateModified\":\"2021-12-17T09:00:01+00:00\",\"description\":\"En Guday Terreros Arquitectura nos encargamos de todo: consultor\u00eda, dise\u00f1o de espacios, proyectos, certificados, asesor\u00eda t\u00e9cnica y direcci\u00f3n de obra\",\"breadcrumb\":{\"@id\":\"https:\/\/gudayterreros.com\/es\/servicios\/#breadcrumb\"},\"inLanguage\":\"es\",\"potentialAction\":[{\"@type\":\"ReadAction\",\"target\":[\"https:\/\/gudayterreros.com\/es\/servicios\/\"]}]},{\"@type\":\"BreadcrumbList\",\"@id\":\"https:\/\/gudayterreros.com\/es\/servicios\/#breadcrumb\",\"itemListElement\":[{\"@type\":\"ListItem\",\"position\":1,\"name\":\"Portada\",\"item\":\"https:\/\/gudayterreros.com\/es\/\"},{\"@type\":\"ListItem\",\"position\":2,\"name\":\"Servicios &#8211; ES\"}]},{\"@type\":\"WebSite\",\"@id\":\"https:\/\/gudayterreros.com\/es\/#website\",\"url\":\"https:\/\/gudayterreros.com\/es\/\",\"name\":\"Guday Terreros\",\"description\":\"Despacho Arquitectura\",\"potentialAction\":[{\"@type\":\"SearchAction\",\"target\":{\"@type\":\"EntryPoint\",\"urlTemplate\":\"https:\/\/gudayterreros.com\/es\/?s={search_term_string}\"},\"query-input\":\"required name=search_term_string\"}],\"inLanguage\":\"es\"}]}<\/script>\n<!-- \/ Yoast SEO plugin. -->","yoast_head_json":{"title":"Arquitectura, decoraci\u00f3n y asesoramiento t\u00e9cnico | Guday Terreros","description":"En Guday Terreros Arquitectura nos encargamos de todo: consultor\u00eda, dise\u00f1o de espacios, proyectos, certificados, asesor\u00eda t\u00e9cnica y direcci\u00f3n de obra","robots":{"index":"index","follow":"follow","max-snippet":"max-snippet:-1","max-image-preview":"max-image-preview:large","max-video-preview":"max-video-preview:-1"},"canonical":"https:\/\/gudayterreros.com\/es\/servicios\/","og_locale":"es_ES","og_type":"article","og_title":"Arquitectura, decoraci\u00f3n y asesoramiento t\u00e9cnico | Guday Terreros","og_description":"En Guday Terreros Arquitectura nos encargamos de todo: consultor\u00eda, dise\u00f1o de espacios, proyectos, certificados, asesor\u00eda t\u00e9cnica y direcci\u00f3n de obra","og_url":"https:\/\/gudayterreros.com\/es\/servicios\/","og_site_name":"Guday Terreros","article_modified_time":"2021-12-17T09:00:01+00:00","twitter_card":"summary_large_image","twitter_misc":{"Tiempo de lectura":"6 minutos"},"schema":{"@context":"https:\/\/schema.org","@graph":[{"@type":"WebPage","@id":"https:\/\/gudayterreros.com\/es\/servicios\/","url":"https:\/\/gudayterreros.com\/es\/servicios\/","name":"Arquitectura, decoraci\u00f3n y asesoramiento t\u00e9cnico | Guday Terreros","isPartOf":{"@id":"https:\/\/gudayterreros.com\/es\/#website"},"datePublished":"2021-12-14T12:07:33+00:00","dateModified":"2021-12-17T09:00:01+00:00","description":"En Guday Terreros Arquitectura nos encargamos de todo: consultor\u00eda, dise\u00f1o de espacios, proyectos, certificados, asesor\u00eda t\u00e9cnica y direcci\u00f3n de obra","breadcrumb":{"@id":"https:\/\/gudayterreros.com\/es\/servicios\/#breadcrumb"},"inLanguage":"es","potentialAction":[{"@type":"ReadAction","target":["https:\/\/gudayterreros.com\/es\/servicios\/"]}]},{"@type":"BreadcrumbList","@id":"https:\/\/gudayterreros.com\/es\/servicios\/#breadcrumb","itemListElement":[{"@type":"ListItem","position":1,"name":"Portada","item":"https:\/\/gudayterreros.com\/es\/"},{"@type":"ListItem","position":2,"name":"Servicios &#8211; ES"}]},{"@type":"WebSite","@id":"https:\/\/gudayterreros.com\/es\/#website","url":"https:\/\/gudayterreros.com\/es\/","name":"Guday Terreros","description":"Despacho Arquitectura","potentialAction":[{"@type":"SearchAction","target":{"@type":"EntryPoint","urlTemplate":"https:\/\/gudayterreros.com\/es\/?s={search_term_string}"},"query-input":"required name=search_term_string"}],"inLanguage":"es"}]}},"_links":{"self":[{"href":"https:\/\/gudayterreros.com\/es\/wp-json\/wp\/v2\/pages\/3696"}],"collection":[{"href":"https:\/\/gudayterreros.com\/es\/wp-json\/wp\/v2\/pages"}],"about":[{"href":"https:\/\/gudayterreros.com\/es\/wp-json\/wp\/v2\/types\/page"}],"author":[{"embeddable":true,"href":"https:\/\/gudayterreros.com\/es\/wp-json\/wp\/v2\/users\/1"}],"replies":[{"embeddable":true,"href":"https:\/\/gudayterreros.com\/es\/wp-json\/wp\/v2\/comments?post=3696"}],"version-history":[{"count":7,"href":"https:\/\/gudayterreros.com\/es\/wp-json\/wp\/v2\/pages\/3696\/revisions"}],"predecessor-version":[{"id":3972,"href":"https:\/\/gudayterreros.com\/es\/wp-json\/wp\/v2\/pages\/3696\/revisions\/3972"}],"wp:attachment":[{"href":"https:\/\/gudayterreros.com\/es\/wp-json\/wp\/v2\/media?parent=3696"}],"curies":[{"name":"wp","href":"https:\/\/api.w.org\/{rel}","templated":true}]}}