{"id":3680,"date":"2021-12-14T11:50:42","date_gmt":"2021-12-14T11:50:42","guid":{"rendered":"https:\/\/gudayterreros.com\/proyectos-es\/"},"modified":"2021-12-20T12:01:08","modified_gmt":"2021-12-20T12:01:08","slug":"proyectos","status":"publish","type":"page","link":"https:\/\/gudayterreros.com\/es\/proyectos\/","title":{"rendered":"Proyectos &#8211; ES"},"content":{"rendered":"<p>[et_pb_section fb_built=\u00bb1&#8243; module_id=\u00bbequipo\u00bb _builder_version=\u00bb4.14.1&#8243; _module_preset=\u00bbdefault\u00bb background_color=\u00bbRGBA(255,255,255,0)\u00bb min_height=\u00bb100%\u00bb height=\u00bb100%\u00bb max_height=\u00bb100%\u00bb custom_margin=\u00bb||100px||false|false\u00bb custom_padding=\u00bb||||false|false\u00bb locked=\u00bboff\u00bb global_colors_info=\u00bb{}\u00bb][et_pb_row _builder_version=\u00bb4.14.1&#8243; _module_preset=\u00bbdefault\u00bb global_colors_info=\u00bb{}\u00bb][et_pb_column type=\u00bb4_4&#8243; _builder_version=\u00bb4.14.1&#8243; _module_preset=\u00bbdefault\u00bb global_colors_info=\u00bb{}\u00bb][et_pb_text _builder_version=\u00bb4.14.1&#8243; _module_preset=\u00bbdefault\u00bb header_font=\u00bbRaleway|300|||||||\u00bb header_text_color=\u00bb#616060&#8243; global_colors_info=\u00bb{}\u00bb]<\/p>\n<h1>Proyectos<\/h1>\n<p>[\/et_pb_text][\/et_pb_column][\/et_pb_row][et_pb_row module_class=\u00bbselector-proyectos\u00bb _builder_version=\u00bb4.14.1&#8243; _module_preset=\u00bbdefault\u00bb global_colors_info=\u00bb{}\u00bb][et_pb_column type=\u00bb4_4&#8243; _builder_version=\u00bb4.14.1&#8243; _module_preset=\u00bbdefault\u00bb global_colors_info=\u00bb{}\u00bb][et_pb_menu menu_id=\u00bb83&#8243; _builder_version=\u00bb4.14.1&#8243; _module_preset=\u00bbdefault\u00bb custom_padding=\u00bb|||0.75em|false|false\u00bb global_colors_info=\u00bb{}\u00bb][\/et_pb_menu][\/et_pb_column][\/et_pb_row][et_pb_row use_custom_gutter=\u00bbon\u00bb gutter_width=\u00bb1&#8243; make_equal=\u00bbon\u00bb module_id=\u00bbimagenes-proyectos\u00bb _builder_version=\u00bb4.14.1&#8243; _module_preset=\u00bbdefault\u00bb background_color=\u00bbRGBA(255,255,255,0)\u00bb custom_margin=\u00bb||||false|false\u00bb custom_padding=\u00bb0px||0px||true|false\u00bb border_width_bottom=\u00bb2px\u00bb border_color_bottom=\u00bb#f3f1f1&#8243; global_colors_info=\u00bb{}\u00bb][et_pb_column type=\u00bb4_4&#8243; _builder_version=\u00bb4.14.1&#8243; _module_preset=\u00bbdefault\u00bb global_colors_info=\u00bb{}\u00bb][et_pb_portfolio fullwidth=\u00bboff\u00bb posts_number=\u00bb999&#8243; include_categories=\u00bb,all\u00bb zoom_icon_color=\u00bbRGBA(255,255,255,0)\u00bb hover_overlay_color=\u00bbRGBA(255,255,255,0)\u00bb _builder_version=\u00bb4.14.1&#8243; _module_preset=\u00bbdefault\u00bb title_font=\u00bbRaleway|300||on|||||\u00bb title_text_align=\u00bbcenter\u00bb title_text_color=\u00bb#616060&#8243; title_font_size=\u00bb14px\u00bb title_line_height=\u00bb1.5em\u00bb caption_font=\u00bbRaleway|300|||||||\u00bb caption_text_align=\u00bbcenter\u00bb caption_text_color=\u00bb#616060&#8243; caption_line_height=\u00bb3em\u00bb background_color=\u00bbRGBA(255,255,255,0)\u00bb global_colors_info=\u00bb{}\u00bb][\/et_pb_portfolio][\/et_pb_column][\/et_pb_row][\/et_pb_section]<\/p>\n","protected":false},"excerpt":{"rendered":"<p>Proyectos<\/p>\n","protected":false},"author":1,"featured_media":0,"parent":0,"menu_order":0,"comment_status":"closed","ping_status":"closed","template":"","meta":{"_et_pb_use_builder":"on","_et_pb_old_content":"","_et_gb_content_width":""},"acf":[],"yoast_head":"<!-- This site is optimized with the Yoast SEO plugin v19.10 - https:\/\/yoast.com\/wordpress\/plugins\/seo\/ -->\n<title>Proyectos de arquitectura de interiores y urbanismo | Guday Terreros<\/title>\n<meta name=\"description\" content=\"En Guday Terreros gestionamos todo tipo de proyectos de arquitectura e interiorismo en Barcelona, desde el dise\u00f1o hasta la direcci\u00f3n de obra. Entra y con\u00f3cenos!\" \/>\n<meta name=\"robots\" content=\"index, follow, max-snippet:-1, max-image-preview:large, max-video-preview:-1\" \/>\n<link rel=\"canonical\" href=\"https:\/\/gudayterreros.com\/es\/proyectos\/\" \/>\n<meta property=\"og:locale\" content=\"es_ES\" \/>\n<meta property=\"og:type\" content=\"article\" \/>\n<meta property=\"og:title\" content=\"Proyectos de arquitectura de interiores y urbanismo | Guday Terreros\" \/>\n<meta property=\"og:description\" content=\"En Guday Terreros gestionamos todo tipo de proyectos de arquitectura e interiorismo en Barcelona, desde el dise\u00f1o hasta la direcci\u00f3n de obra. Entra y con\u00f3cenos!\" \/>\n<meta property=\"og:url\" content=\"https:\/\/gudayterreros.com\/es\/proyectos\/\" \/>\n<meta property=\"og:site_name\" content=\"Guday Terreros\" \/>\n<meta property=\"article:modified_time\" content=\"2021-12-20T12:01:08+00:00\" \/>\n<meta name=\"twitter:card\" content=\"summary_large_image\" \/>\n<meta name=\"twitter:label1\" content=\"Tiempo de lectura\" \/>\n\t<meta name=\"twitter:data1\" content=\"1 minuto\" \/>\n<script type=\"application\/ld+json\" class=\"yoast-schema-graph\">{\"@context\":\"https:\/\/schema.org\",\"@graph\":[{\"@type\":\"WebPage\",\"@id\":\"https:\/\/gudayterreros.com\/es\/proyectos\/\",\"url\":\"https:\/\/gudayterreros.com\/es\/proyectos\/\",\"name\":\"Proyectos de arquitectura de interiores y urbanismo | Guday Terreros\",\"isPartOf\":{\"@id\":\"https:\/\/gudayterreros.com\/es\/#website\"},\"datePublished\":\"2021-12-14T11:50:42+00:00\",\"dateModified\":\"2021-12-20T12:01:08+00:00\",\"description\":\"En Guday Terreros gestionamos todo tipo de proyectos de arquitectura e interiorismo en Barcelona, desde el dise\u00f1o hasta la direcci\u00f3n de obra. Entra y con\u00f3cenos!\",\"breadcrumb\":{\"@id\":\"https:\/\/gudayterreros.com\/es\/proyectos\/#breadcrumb\"},\"inLanguage\":\"es\",\"potentialAction\":[{\"@type\":\"ReadAction\",\"target\":[\"https:\/\/gudayterreros.com\/es\/proyectos\/\"]}]},{\"@type\":\"BreadcrumbList\",\"@id\":\"https:\/\/gudayterreros.com\/es\/proyectos\/#breadcrumb\",\"itemListElement\":[{\"@type\":\"ListItem\",\"position\":1,\"name\":\"Portada\",\"item\":\"https:\/\/gudayterreros.com\/es\/\"},{\"@type\":\"ListItem\",\"position\":2,\"name\":\"Proyectos &#8211; ES\"}]},{\"@type\":\"WebSite\",\"@id\":\"https:\/\/gudayterreros.com\/es\/#website\",\"url\":\"https:\/\/gudayterreros.com\/es\/\",\"name\":\"Guday Terreros\",\"description\":\"Despacho Arquitectura\",\"potentialAction\":[{\"@type\":\"SearchAction\",\"target\":{\"@type\":\"EntryPoint\",\"urlTemplate\":\"https:\/\/gudayterreros.com\/es\/?s={search_term_string}\"},\"query-input\":\"required name=search_term_string\"}],\"inLanguage\":\"es\"}]}<\/script>\n<!-- \/ Yoast SEO plugin. -->","yoast_head_json":{"title":"Proyectos de arquitectura de interiores y urbanismo | Guday Terreros","description":"En Guday Terreros gestionamos todo tipo de proyectos de arquitectura e interiorismo en Barcelona, desde el dise\u00f1o hasta la direcci\u00f3n de obra. Entra y con\u00f3cenos!","robots":{"index":"index","follow":"follow","max-snippet":"max-snippet:-1","max-image-preview":"max-image-preview:large","max-video-preview":"max-video-preview:-1"},"canonical":"https:\/\/gudayterreros.com\/es\/proyectos\/","og_locale":"es_ES","og_type":"article","og_title":"Proyectos de arquitectura de interiores y urbanismo | Guday Terreros","og_description":"En Guday Terreros gestionamos todo tipo de proyectos de arquitectura e interiorismo en Barcelona, desde el dise\u00f1o hasta la direcci\u00f3n de obra. Entra y con\u00f3cenos!","og_url":"https:\/\/gudayterreros.com\/es\/proyectos\/","og_site_name":"Guday Terreros","article_modified_time":"2021-12-20T12:01:08+00:00","twitter_card":"summary_large_image","twitter_misc":{"Tiempo de lectura":"1 minuto"},"schema":{"@context":"https:\/\/schema.org","@graph":[{"@type":"WebPage","@id":"https:\/\/gudayterreros.com\/es\/proyectos\/","url":"https:\/\/gudayterreros.com\/es\/proyectos\/","name":"Proyectos de arquitectura de interiores y urbanismo | Guday Terreros","isPartOf":{"@id":"https:\/\/gudayterreros.com\/es\/#website"},"datePublished":"2021-12-14T11:50:42+00:00","dateModified":"2021-12-20T12:01:08+00:00","description":"En Guday Terreros gestionamos todo tipo de proyectos de arquitectura e interiorismo en Barcelona, desde el dise\u00f1o hasta la direcci\u00f3n de obra. Entra y con\u00f3cenos!","breadcrumb":{"@id":"https:\/\/gudayterreros.com\/es\/proyectos\/#breadcrumb"},"inLanguage":"es","potentialAction":[{"@type":"ReadAction","target":["https:\/\/gudayterreros.com\/es\/proyectos\/"]}]},{"@type":"BreadcrumbList","@id":"https:\/\/gudayterreros.com\/es\/proyectos\/#breadcrumb","itemListElement":[{"@type":"ListItem","position":1,"name":"Portada","item":"https:\/\/gudayterreros.com\/es\/"},{"@type":"ListItem","position":2,"name":"Proyectos &#8211; ES"}]},{"@type":"WebSite","@id":"https:\/\/gudayterreros.com\/es\/#website","url":"https:\/\/gudayterreros.com\/es\/","name":"Guday Terreros","description":"Despacho Arquitectura","potentialAction":[{"@type":"SearchAction","target":{"@type":"EntryPoint","urlTemplate":"https:\/\/gudayterreros.com\/es\/?s={search_term_string}"},"query-input":"required name=search_term_string"}],"inLanguage":"es"}]}},"_links":{"self":[{"href":"https:\/\/gudayterreros.com\/es\/wp-json\/wp\/v2\/pages\/3680"}],"collection":[{"href":"https:\/\/gudayterreros.com\/es\/wp-json\/wp\/v2\/pages"}],"about":[{"href":"https:\/\/gudayterreros.com\/es\/wp-json\/wp\/v2\/types\/page"}],"author":[{"embeddable":true,"href":"https:\/\/gudayterreros.com\/es\/wp-json\/wp\/v2\/users\/1"}],"replies":[{"embeddable":true,"href":"https:\/\/gudayterreros.com\/es\/wp-json\/wp\/v2\/comments?post=3680"}],"version-history":[{"count":3,"href":"https:\/\/gudayterreros.com\/es\/wp-json\/wp\/v2\/pages\/3680\/revisions"}],"predecessor-version":[{"id":3980,"href":"https:\/\/gudayterreros.com\/es\/wp-json\/wp\/v2\/pages\/3680\/revisions\/3980"}],"wp:attachment":[{"href":"https:\/\/gudayterreros.com\/es\/wp-json\/wp\/v2\/media?parent=3680"}],"curies":[{"name":"wp","href":"https:\/\/api.w.org\/{rel}","templated":true}]}}