{"id":3677,"date":"2021-12-14T11:50:12","date_gmt":"2021-12-14T11:50:12","guid":{"rendered":"https:\/\/gudayterreros.com\/inicio-es\/"},"modified":"2025-02-04T11:18:59","modified_gmt":"2025-02-04T11:18:59","slug":"inicio","status":"publish","type":"page","link":"https:\/\/gudayterreros.com\/es\/","title":{"rendered":"Inicio &#8211; ES"},"content":{"rendered":"<p>[et_pb_section fb_built=\u00bb1&#8243; fullwidth=\u00bbon\u00bb _builder_version=\u00bb4.14.1&#8243; _module_preset=\u00bbdefault\u00bb width=\u00bb100%\u00bb module_alignment=\u00bbcenter\u00bb min_height=\u00bb100%\u00bb height=\u00bb100%\u00bb global_colors_info=\u00bb{}\u00bb][et_pb_fullwidth_slider show_pagination=\u00bboff\u00bb _builder_version=\u00bb4.14.1&#8243; _module_preset=\u00bbdefault\u00bb min_height=\u00bb95vh\u00bb min_height_tablet=\u00bb100vh\u00bb min_height_phone=\u00bb100vh\u00bb min_height_last_edited=\u00bbon|tablet\u00bb auto=\u00bbon\u00bb auto_speed=\u00bb5000&#8243; auto_ignore_hover=\u00bbon\u00bb hover_enabled=\u00bb0&#8243; custom_css_slide_description=\u00bbanimation-name: none;\u00bb custom_css_slide_title=\u00bbanimation-name: none;\u00bb global_colors_info=\u00bb{}\u00bb sticky_enabled=\u00bb0&#8243;][et_pb_slide heading=\u00bbGuday Terreros Arquitectura\u00bb button_text=\u00bbVer Consultas pedi\u00e1tricas en Barcelona\u00bb button_link=\u00bbhttps:\/\/gudayterreros.com\/es\/project\/consultas-pediatricas\/\u00bb _builder_version=\u00bb4.14.1&#8243; _module_preset=\u00bbdefault\u00bb header_level=\u00bbh1&#8243; header_font=\u00bbRaleway|700||on|||||\u00bb header_font_size=\u00bb30px\u00bb background_color=\u00bb#616060&#8243; background_enable_color=\u00bbon\u00bb background_image=\u00bbhttps:\/\/gudayterreros.com\/wp-content\/uploads\/2024\/05\/GudayTerreros-Arquitectura-consultes-pediatriques-4.jpg\u00bb background_enable_image=\u00bbon\u00bb background_blend=\u00bbmultiply\u00bb custom_button=\u00bbon\u00bb button_text_size=\u00bb14px\u00bb button_border_width=\u00bb1px\u00bb button_border_radius=\u00bb0px\u00bb button_font=\u00bbRaleway|300|||||||\u00bb button_use_icon=\u00bboff\u00bb global_colors_info=\u00bb{}\u00bb sticky_transition=\u00bbon\u00bb][\/et_pb_slide][et_pb_slide heading=\u00bbGuday Terreros Arquitectura\u00bb button_text=\u00bbVer Proyecto de Cl\u00ednica en Barcelona\u00bb button_link=\u00bbhttps:\/\/gudayterreros.com\/en\/project\/clinica-del-remei-de-barcelona\/\u00bb _builder_version=\u00bb4.14.1&#8243; _module_preset=\u00bbdefault\u00bb header_level=\u00bbh1&#8243; header_font=\u00bbRaleway|700||on|||||\u00bb header_font_size=\u00bb30px\u00bb background_color=\u00bb#616060&#8243; background_enable_color=\u00bbon\u00bb background_image=\u00bbhttps:\/\/gudayterreros.com\/wp-content\/uploads\/2021\/12\/clinica-remei-facana-1LR.jpg\u00bb background_enable_image=\u00bbon\u00bb background_blend=\u00bbmultiply\u00bb custom_button=\u00bbon\u00bb button_text_size=\u00bb14px\u00bb button_border_width=\u00bb1px\u00bb button_border_radius=\u00bb0px\u00bb button_font=\u00bbRaleway|300|||||||\u00bb button_use_icon=\u00bboff\u00bb global_colors_info=\u00bb{}\u00bb sticky_transition=\u00bbon\u00bb][\/et_pb_slide][et_pb_slide heading=\u00bbGuday Terreros Arquitectura\u00bb button_text=\u00bbVer \u00c1rea de Urgencias en Barcelona\u00bb button_link=\u00bbhttps:\/\/gudayterreros.com\/es\/project\/nuevas-urgencias\/\u00bb _builder_version=\u00bb4.14.1&#8243; _module_preset=\u00bbdefault\u00bb header_level=\u00bbh1&#8243; header_font=\u00bbRaleway|700||on|||||\u00bb header_font_size=\u00bb30px\u00bb background_color=\u00bb#616060&#8243; background_enable_color=\u00bbon\u00bb background_image=\u00bbhttps:\/\/gudayterreros.com\/wp-content\/uploads\/2023\/11\/GudayTerreros-Arquitectura-Urgencies-13.jpg\u00bb background_enable_image=\u00bbon\u00bb background_blend=\u00bbmultiply\u00bb custom_button=\u00bbon\u00bb button_text_size=\u00bb14px\u00bb button_border_width=\u00bb1px\u00bb button_border_radius=\u00bb0px\u00bb button_font=\u00bbRaleway|300|||||||\u00bb button_use_icon=\u00bboff\u00bb global_colors_info=\u00bb{}\u00bb sticky_transition=\u00bbon\u00bb][\/et_pb_slide][et_pb_slide heading=\u00bbGuday Terreros Arquitectura\u00bb button_text=\u00bbVer Proyecto de Oficinas\u00bb button_link=\u00bbhttps:\/\/gudayterreros.com\/en\/project\/viaria-hq-in-beriain\/\u00bb _builder_version=\u00bb4.14.1&#8243; _module_preset=\u00bbdefault\u00bb header_level=\u00bbh1&#8243; header_font=\u00bbRaleway|700||on|||||\u00bb header_font_size=\u00bb30px\u00bb background_color=\u00bb#616060&#8243; background_enable_color=\u00bbon\u00bb background_image=\u00bbhttps:\/\/gudayterreros.com\/wp-content\/uploads\/2021\/12\/viaria-hq-pamplona-guday-terreros-LR.jpg\u00bb background_enable_image=\u00bbon\u00bb background_blend=\u00bbmultiply\u00bb custom_button=\u00bbon\u00bb button_text_size=\u00bb14px\u00bb button_border_width=\u00bb1px\u00bb button_border_radius=\u00bb0px\u00bb button_font=\u00bbRaleway|300|||||||\u00bb button_use_icon=\u00bboff\u00bb global_colors_info=\u00bb{}\u00bb sticky_transition=\u00bbon\u00bb][\/et_pb_slide][et_pb_slide heading=\u00bbGuday Terreros Arquitectura\u00bb button_text=\u00bbVer Proyecto de Oficinas\u00bb button_link=\u00bbhttps:\/\/gudayterreros.com\/en\/project\/vodafone-hq-in-figueres\/\u00bb _builder_version=\u00bb4.14.1&#8243; _module_preset=\u00bbdefault\u00bb header_level=\u00bbh1&#8243; header_font=\u00bbRaleway|700||on|||||\u00bb header_font_size=\u00bb30px\u00bb background_color=\u00bb#616060&#8243; background_enable_color=\u00bbon\u00bb background_image=\u00bbhttps:\/\/gudayterreros.com\/wp-content\/uploads\/2021\/12\/vodafone-hq-costa-brava-guday-terreros-LR-1024&#215;682-1.jpg\u00bb background_enable_image=\u00bbon\u00bb background_blend=\u00bbmultiply\u00bb custom_button=\u00bbon\u00bb button_text_size=\u00bb14px\u00bb button_border_width=\u00bb1px\u00bb button_border_radius=\u00bb0px\u00bb button_font=\u00bbRaleway|300|||||||\u00bb button_use_icon=\u00bboff\u00bb global_colors_info=\u00bb{}\u00bb sticky_transition=\u00bbon\u00bb][\/et_pb_slide][et_pb_slide heading=\u00bbGuday Terreros Arquitectura\u00bb button_text=\u00bbVer \u00c1rea de Resonancia magn\u00e9tica en Cl\u00ednica de Barcelona\u00bb button_link=\u00bbhttps:\/\/gudayterreros.com\/en\/project\/ressonancia-magnetica\/\u00bb _builder_version=\u00bb4.14.1&#8243; _module_preset=\u00bbdefault\u00bb header_level=\u00bbh1&#8243; header_font=\u00bbRaleway|700||on|||||\u00bb header_font_size=\u00bb30px\u00bb background_color=\u00bb#616060&#8243; background_enable_color=\u00bbon\u00bb background_image=\u00bbhttps:\/\/gudayterreros.com\/wp-content\/uploads\/2021\/12\/resonancia-remei-guday-terreros-6-LR.jpg\u00bb background_enable_image=\u00bbon\u00bb background_blend=\u00bbmultiply\u00bb custom_button=\u00bbon\u00bb button_text_size=\u00bb14px\u00bb button_border_width=\u00bb1px\u00bb button_border_radius=\u00bb0px\u00bb button_font=\u00bbRaleway|300|||||||\u00bb button_use_icon=\u00bboff\u00bb global_colors_info=\u00bb{}\u00bb sticky_transition=\u00bbon\u00bb][\/et_pb_slide][et_pb_slide heading=\u00bbGuday Terreros Arquitectura\u00bb button_text=\u00bbVer nuevo Laboratorio en Barcelona\u00bb button_link=\u00bbhttps:\/\/gudayterreros.com\/es\/project\/nuevo-laboratorio\/\u00bb _builder_version=\u00bb4.14.1&#8243; _module_preset=\u00bbdefault\u00bb header_level=\u00bbh1&#8243; header_font=\u00bbRaleway|700||on|||||\u00bb header_font_size=\u00bb30px\u00bb background_color=\u00bb#616060&#8243; background_enable_color=\u00bbon\u00bb background_image=\u00bbhttps:\/\/gudayterreros.com\/wp-content\/uploads\/2023\/11\/GudayTerrerosArq-Laboratori-28.jpg\u00bb background_enable_image=\u00bbon\u00bb background_blend=\u00bbmultiply\u00bb custom_button=\u00bbon\u00bb button_text_size=\u00bb14px\u00bb button_border_width=\u00bb1px\u00bb button_border_radius=\u00bb0px\u00bb button_font=\u00bbRaleway|300|||||||\u00bb button_use_icon=\u00bboff\u00bb hover_enabled=\u00bb0&#8243; global_colors_info=\u00bb{}\u00bb sticky_transition=\u00bbon\u00bb alt=\u00bbLaboratori\u00bb title_text=\u00bbGudayTerrerosArq-Laboratori-28&#8243; sticky_enabled=\u00bb0&#8243;][\/et_pb_slide][\/et_pb_fullwidth_slider][\/et_pb_section]<\/p>\n","protected":false},"excerpt":{"rendered":"","protected":false},"author":1,"featured_media":0,"parent":0,"menu_order":0,"comment_status":"closed","ping_status":"closed","template":"","meta":{"_et_pb_use_builder":"on","_et_pb_old_content":"","_et_gb_content_width":""},"acf":[],"yoast_head":"<!-- This site is optimized with the Yoast SEO plugin v19.10 - https:\/\/yoast.com\/wordpress\/plugins\/seo\/ -->\n<title>Arquitectura Hospitalaria y de Oficinas | Guday Terreros Arquitectura<\/title>\n<meta name=\"description\" content=\"En Guday Terreros desarrollamos proyectos de Arquitectura Hospitalaria y de Oficinas, \u200b\u200bdise\u00f1ando espacios \u00fanicos y ofreciendo el mejor asesoramiento t\u00e9cnico.\" \/>\n<meta name=\"robots\" content=\"index, follow, max-snippet:-1, max-image-preview:large, max-video-preview:-1\" \/>\n<link rel=\"canonical\" href=\"https:\/\/gudayterreros.com\/es\/\" \/>\n<meta property=\"og:locale\" content=\"es_ES\" \/>\n<meta property=\"og:type\" content=\"article\" \/>\n<meta property=\"og:title\" content=\"Arquitectura Hospitalaria y de Oficinas | Guday Terreros Arquitectura\" \/>\n<meta property=\"og:description\" content=\"En Guday Terreros desarrollamos proyectos de Arquitectura Hospitalaria y de Oficinas, \u200b\u200bdise\u00f1ando espacios \u00fanicos y ofreciendo el mejor asesoramiento t\u00e9cnico.\" \/>\n<meta property=\"og:url\" content=\"https:\/\/gudayterreros.com\/es\/\" \/>\n<meta property=\"og:site_name\" content=\"Guday Terreros\" \/>\n<meta property=\"article:modified_time\" content=\"2025-02-04T11:18:59+00:00\" \/>\n<meta name=\"twitter:card\" content=\"summary_large_image\" \/>\n<meta name=\"twitter:label1\" content=\"Tiempo de lectura\" \/>\n\t<meta name=\"twitter:data1\" content=\"2 minutos\" \/>\n<script type=\"application\/ld+json\" class=\"yoast-schema-graph\">{\"@context\":\"https:\/\/schema.org\",\"@graph\":[{\"@type\":\"WebPage\",\"@id\":\"https:\/\/gudayterreros.com\/es\/\",\"url\":\"https:\/\/gudayterreros.com\/es\/\",\"name\":\"Arquitectura Hospitalaria y de Oficinas | Guday Terreros Arquitectura\",\"isPartOf\":{\"@id\":\"https:\/\/gudayterreros.com\/es\/#website\"},\"datePublished\":\"2021-12-14T11:50:12+00:00\",\"dateModified\":\"2025-02-04T11:18:59+00:00\",\"description\":\"En Guday Terreros desarrollamos proyectos de Arquitectura Hospitalaria y de Oficinas, \u200b\u200bdise\u00f1ando espacios \u00fanicos y ofreciendo el mejor asesoramiento t\u00e9cnico.\",\"breadcrumb\":{\"@id\":\"https:\/\/gudayterreros.com\/es\/#breadcrumb\"},\"inLanguage\":\"es\",\"potentialAction\":[{\"@type\":\"ReadAction\",\"target\":[\"https:\/\/gudayterreros.com\/es\/\"]}]},{\"@type\":\"BreadcrumbList\",\"@id\":\"https:\/\/gudayterreros.com\/es\/#breadcrumb\",\"itemListElement\":[{\"@type\":\"ListItem\",\"position\":1,\"name\":\"Portada\",\"item\":\"https:\/\/gudayterreros.com\/es\/\"},{\"@type\":\"ListItem\",\"position\":2,\"name\":\"Inicio &#8211; ES\"}]},{\"@type\":\"WebSite\",\"@id\":\"https:\/\/gudayterreros.com\/es\/#website\",\"url\":\"https:\/\/gudayterreros.com\/es\/\",\"name\":\"Guday Terreros\",\"description\":\"Despacho Arquitectura\",\"potentialAction\":[{\"@type\":\"SearchAction\",\"target\":{\"@type\":\"EntryPoint\",\"urlTemplate\":\"https:\/\/gudayterreros.com\/es\/?s={search_term_string}\"},\"query-input\":\"required name=search_term_string\"}],\"inLanguage\":\"es\"}]}<\/script>\n<!-- \/ Yoast SEO plugin. -->","yoast_head_json":{"title":"Arquitectura Hospitalaria y de Oficinas | Guday Terreros Arquitectura","description":"En Guday Terreros desarrollamos proyectos de Arquitectura Hospitalaria y de Oficinas, \u200b\u200bdise\u00f1ando espacios \u00fanicos y ofreciendo el mejor asesoramiento t\u00e9cnico.","robots":{"index":"index","follow":"follow","max-snippet":"max-snippet:-1","max-image-preview":"max-image-preview:large","max-video-preview":"max-video-preview:-1"},"canonical":"https:\/\/gudayterreros.com\/es\/","og_locale":"es_ES","og_type":"article","og_title":"Arquitectura Hospitalaria y de Oficinas | Guday Terreros Arquitectura","og_description":"En Guday Terreros desarrollamos proyectos de Arquitectura Hospitalaria y de Oficinas, \u200b\u200bdise\u00f1ando espacios \u00fanicos y ofreciendo el mejor asesoramiento t\u00e9cnico.","og_url":"https:\/\/gudayterreros.com\/es\/","og_site_name":"Guday Terreros","article_modified_time":"2025-02-04T11:18:59+00:00","twitter_card":"summary_large_image","twitter_misc":{"Tiempo de lectura":"2 minutos"},"schema":{"@context":"https:\/\/schema.org","@graph":[{"@type":"WebPage","@id":"https:\/\/gudayterreros.com\/es\/","url":"https:\/\/gudayterreros.com\/es\/","name":"Arquitectura Hospitalaria y de Oficinas | Guday Terreros Arquitectura","isPartOf":{"@id":"https:\/\/gudayterreros.com\/es\/#website"},"datePublished":"2021-12-14T11:50:12+00:00","dateModified":"2025-02-04T11:18:59+00:00","description":"En Guday Terreros desarrollamos proyectos de Arquitectura Hospitalaria y de Oficinas, \u200b\u200bdise\u00f1ando espacios \u00fanicos y ofreciendo el mejor asesoramiento t\u00e9cnico.","breadcrumb":{"@id":"https:\/\/gudayterreros.com\/es\/#breadcrumb"},"inLanguage":"es","potentialAction":[{"@type":"ReadAction","target":["https:\/\/gudayterreros.com\/es\/"]}]},{"@type":"BreadcrumbList","@id":"https:\/\/gudayterreros.com\/es\/#breadcrumb","itemListElement":[{"@type":"ListItem","position":1,"name":"Portada","item":"https:\/\/gudayterreros.com\/es\/"},{"@type":"ListItem","position":2,"name":"Inicio &#8211; ES"}]},{"@type":"WebSite","@id":"https:\/\/gudayterreros.com\/es\/#website","url":"https:\/\/gudayterreros.com\/es\/","name":"Guday Terreros","description":"Despacho Arquitectura","potentialAction":[{"@type":"SearchAction","target":{"@type":"EntryPoint","urlTemplate":"https:\/\/gudayterreros.com\/es\/?s={search_term_string}"},"query-input":"required name=search_term_string"}],"inLanguage":"es"}]}},"_links":{"self":[{"href":"https:\/\/gudayterreros.com\/es\/wp-json\/wp\/v2\/pages\/3677"}],"collection":[{"href":"https:\/\/gudayterreros.com\/es\/wp-json\/wp\/v2\/pages"}],"about":[{"href":"https:\/\/gudayterreros.com\/es\/wp-json\/wp\/v2\/types\/page"}],"author":[{"embeddable":true,"href":"https:\/\/gudayterreros.com\/es\/wp-json\/wp\/v2\/users\/1"}],"replies":[{"embeddable":true,"href":"https:\/\/gudayterreros.com\/es\/wp-json\/wp\/v2\/comments?post=3677"}],"version-history":[{"count":28,"href":"https:\/\/gudayterreros.com\/es\/wp-json\/wp\/v2\/pages\/3677\/revisions"}],"predecessor-version":[{"id":4965,"href":"https:\/\/gudayterreros.com\/es\/wp-json\/wp\/v2\/pages\/3677\/revisions\/4965"}],"wp:attachment":[{"href":"https:\/\/gudayterreros.com\/es\/wp-json\/wp\/v2\/media?parent=3677"}],"curies":[{"name":"wp","href":"https:\/\/api.w.org\/{rel}","templated":true}]}}