{"id":3660,"date":"2021-12-14T11:38:33","date_gmt":"2021-12-14T11:38:33","guid":{"rendered":"https:\/\/gudayterreros.com\/contacto-es\/"},"modified":"2022-03-08T15:49:07","modified_gmt":"2022-03-08T15:49:07","slug":"contacto","status":"publish","type":"page","link":"https:\/\/gudayterreros.com\/es\/contacto\/","title":{"rendered":"Contacto &#8211; ES"},"content":{"rendered":"<p>[et_pb_section fb_built=\u00bb1&#8243; use_custom_gutter=\u00bbon\u00bb specialty=\u00bbon\u00bb padding_top_bottom_link_1=\u00bbtrue\u00bb padding_top_bottom_link_2=\u00bbtrue\u00bb padding_left_right_link_1=\u00bbfalse\u00bb padding_left_right_link_2=\u00bbfalse\u00bb padding_top_1=\u00bb0px\u00bb padding_top_2=\u00bb0px\u00bb padding_bottom_1=\u00bb0px\u00bb padding_bottom_2=\u00bb0px\u00bb module_id_2=\u00bbinfo-contacto\u00bb _builder_version=\u00bb4.14.1&#8243; _module_preset=\u00bbdefault\u00bb background_color=\u00bbrgba(10,9,9,0)\u00bb max_width=\u00bb100%\u00bb inner_width=\u00bb100%\u00bb inner_max_width=\u00bb100%\u00bb custom_margin=\u00bb0px||0px||true|false\u00bb custom_padding=\u00bb0px||0px||true|false\u00bb global_colors_info=\u00bb{}\u00bb][et_pb_column type=\u00bb1_2&#8243; _builder_version=\u00bb3.25&#8243; custom_padding=\u00bb|||\u00bb global_colors_info=\u00bb{}\u00bb custom_padding__hover=\u00bb|||\u00bb][et_pb_code disabled_on=\u00bbon|on|off\u00bb _builder_version=\u00bb4.14.1&#8243; _module_preset=\u00bbdefault\u00bb positioning=\u00bbfixed\u00bb width=\u00bb50vw\u00bb global_colors_info=\u00bb{}\u00bb]<iframe loading=\"lazy\" src=\"https:\/\/www.google.com\/maps\/embed?pb=!1m14!1m8!1m3!1d11972.828690853166!2d2.175372!3d41.391307!3m2!1i1024!2i768!4f13.1!3m3!1m2!1s0x0%3A0x9e072bc29e096a58!2sGuday+Terreros+Arquitectura!5e0!3m2!1ses!2ses!4v1566398450712!5m2!1ses!2ses\" width=\"100%\" height=\"1000\" allowfullscreen=\"\"><\/iframe>[\/et_pb_code][\/et_pb_column][et_pb_column type=\u00bb1_2&#8243; specialty_columns=\u00bb2&#8243; _builder_version=\u00bb3.25&#8243; custom_padding=\u00bb|||\u00bb global_colors_info=\u00bb{}\u00bb custom_padding__hover=\u00bb|||\u00bb][et_pb_row_inner _builder_version=\u00bb4.14.1&#8243; _module_preset=\u00bbdefault\u00bb width=\u00bb90%\u00bb custom_margin=\u00bb||0px||false|false\u00bb custom_padding=\u00bb||0px||false|false\u00bb module_alignment_tablet=\u00bbcenter\u00bb module_alignment_phone=\u00bbcenter\u00bb module_alignment_last_edited=\u00bbon|tablet\u00bb global_colors_info=\u00bb{}\u00bb][et_pb_column_inner saved_specialty_column_type=\u00bb1_2&#8243; _builder_version=\u00bb4.14.1&#8243; _module_preset=\u00bbdefault\u00bb global_colors_info=\u00bb{}\u00bb][et_pb_text _builder_version=\u00bb4.14.1&#8243; _module_preset=\u00bbdefault\u00bb header_font=\u00bbRaleway|300|||||||\u00bb header_text_color=\u00bb#616060&#8243; text_orientation=\u00bbcenter\u00bb custom_margin=\u00bb||||false|false\u00bb locked=\u00bboff\u00bb global_colors_info=\u00bb{}\u00bb]<\/p>\n<h1>Cont\u00e1ctanos<\/h1>\n<p>[\/et_pb_text][\/et_pb_column_inner][\/et_pb_row_inner][et_pb_row_inner column_structure=\u00bb1_2,1_2&#8243; _builder_version=\u00bb4.14.1&#8243; _module_preset=\u00bbdefault\u00bb width=\u00bb90%\u00bb custom_margin=\u00bb||0px||false|false\u00bb custom_padding=\u00bb20px||40px||false|false\u00bb module_alignment_tablet=\u00bbcenter\u00bb module_alignment_phone=\u00bbcenter\u00bb module_alignment_last_edited=\u00bbon|tablet\u00bb global_colors_info=\u00bb{}\u00bb][et_pb_column_inner type=\u00bb1_2&#8243; saved_specialty_column_type=\u00bb1_2&#8243; _builder_version=\u00bb4.14.1&#8243; _module_preset=\u00bbdefault\u00bb global_colors_info=\u00bb{}\u00bb][et_pb_text _builder_version=\u00bb4.14.1&#8243; _module_preset=\u00bbdefault\u00bb text_font=\u00bbRaleway||||||||\u00bb text_text_color=\u00bb#616060&#8243; link_font=\u00bbRaleway||||||||\u00bb link_text_color=\u00bb#616060&#8243; hover_enabled=\u00bb0&#8243; global_colors_info=\u00bb{}\u00bb sticky_enabled=\u00bb0&#8243;]<\/p>\n<p><a style=\"background-color: lightgrey; padding: 0.5em 1em;\" href=\"tel:0034935839830\">Ll\u00e1manos al: 93 583 98 30<\/a><\/p>\n<p><a style=\"background-color: lightgrey; padding: 0.5em 1em;\" href=\"mailto:info@gudayterreros.com\">Escr\u00edbenos a: info@gudayterreros.com<\/a><\/p>\n<p>[\/et_pb_text][\/et_pb_column_inner][et_pb_column_inner type=\u00bb1_2&#8243; saved_specialty_column_type=\u00bb1_2&#8243; _builder_version=\u00bb4.14.1&#8243; _module_preset=\u00bbdefault\u00bb global_colors_info=\u00bb{}\u00bb][et_pb_text _builder_version=\u00bb4.14.1&#8243; _module_preset=\u00bbdefault\u00bb text_font=\u00bbRaleway||||||||\u00bb text_text_color=\u00bb#616060&#8243; link_font=\u00bbRaleway||||||||\u00bb link_text_align=\u00bbright\u00bb link_text_color=\u00bb#616060&#8243; link_font_size=\u00bb23px\u00bb link_letter_spacing=\u00bb1em\u00bb text_orientation=\u00bbright\u00bb module_alignment=\u00bbcenter\u00bb custom_css_main_element=\u00bbdisplay:flex;||font-family: &#8216;Raleway&#8217;,Helvetica,Arial,Lucida,sans-serif;||    font-size: 23px;||    letter-spacing: 1em;||    text-align: right;\u00bb global_colors_info=\u00bb{}\u00bb]<\/p>\n<p><span style=\"display: flex;\"><i class=\"fab fa-linkedin-in\"><\/i><br \/><i class=\"fab fa-twitter\"><\/i><br \/><i class=\"fab fa-facebook-f\"><\/i><br \/><i class=\"fab fa-pinterest\"><\/i><br \/><i class=\"fab fa-instagram\"><\/i><\/span><\/p>\n<p>[\/et_pb_text][\/et_pb_column_inner][\/et_pb_row_inner][et_pb_row_inner _builder_version=\u00bb4.14.1&#8243; _module_preset=\u00bbdefault\u00bb width=\u00bb90%\u00bb custom_margin=\u00bb||4em||false|false\u00bb custom_padding=\u00bb0px||||false|false\u00bb module_alignment_tablet=\u00bbcenter\u00bb module_alignment_phone=\u00bbcenter\u00bb module_alignment_last_edited=\u00bbon|tablet\u00bb global_colors_info=\u00bb{}\u00bb][et_pb_column_inner saved_specialty_column_type=\u00bb1_2&#8243; _builder_version=\u00bb4.14.1&#8243; _module_preset=\u00bbdefault\u00bb global_colors_info=\u00bb{}\u00bb][et_pb_code module_id=\u00bbformulario-contacto\u00bb _builder_version=\u00bb4.14.1&#8243; _module_preset=\u00bbdefault\u00bb module_alignment=\u00bbcenter\u00bb custom_css_main_element=\u00bbfont-size:12px;\u00bb global_colors_info=\u00bb{}\u00bb]<div role=\"form\" class=\"wpcf7\" id=\"wpcf7-f3663-o1\" lang=\"es-ES\" dir=\"ltr\">\n<div class=\"screen-reader-response\"><p role=\"status\" aria-live=\"polite\" aria-atomic=\"true\"><\/p> <ul><\/ul><\/div>\n<form action=\"\/es\/wp-json\/wp\/v2\/pages\/3660#wpcf7-f3663-o1\" method=\"post\" class=\"wpcf7-form init\" novalidate=\"novalidate\" data-status=\"init\">\n<div style=\"display: none;\">\n<input type=\"hidden\" name=\"_wpcf7\" value=\"3663\" \/>\n<input type=\"hidden\" name=\"_wpcf7_version\" value=\"5.5.3\" \/>\n<input type=\"hidden\" name=\"_wpcf7_locale\" value=\"es_ES\" \/>\n<input type=\"hidden\" name=\"_wpcf7_unit_tag\" value=\"wpcf7-f3663-o1\" \/>\n<input type=\"hidden\" name=\"_wpcf7_container_post\" value=\"0\" \/>\n<input type=\"hidden\" name=\"_wpcf7_posted_data_hash\" value=\"\" \/>\n<\/div>\n<p><span class=\"wpcf7-form-control-wrap your-name\"><input type=\"text\" name=\"your-name\" value=\"\" size=\"40\" class=\"wpcf7-form-control wpcf7-text wpcf7-validates-as-required\" aria-required=\"true\" aria-invalid=\"false\" placeholder=\"Tu nombre\" \/><\/span><\/p>\n<p><span class=\"wpcf7-form-control-wrap your-email\"><input type=\"email\" name=\"your-email\" value=\"\" size=\"40\" class=\"wpcf7-form-control wpcf7-text wpcf7-email wpcf7-validates-as-required wpcf7-validates-as-email\" aria-required=\"true\" aria-invalid=\"false\" placeholder=\"Tu email\" \/><\/span><\/p>\n<p><span class=\"wpcf7-form-control-wrap your-message\"><textarea name=\"your-message\" cols=\"40\" rows=\"10\" class=\"wpcf7-form-control wpcf7-textarea wpcf7-validates-as-required\" aria-required=\"true\" aria-invalid=\"false\" placeholder=\"Tu mensaje\"><\/textarea><\/span><\/p>\n<p>De acuerdo con el RGPD y la LOPDGDD, OLGA GUDAY PADROSA tratar\u00e1 los datos facilitados, con el fin de contestar a las dudas y\/o quejas planteadas a trav\u00e9s del presente formulario y facilitar la informaci\u00f3n solicitada. Siempre que nos lo autorice previamente, enviaremos informaci\u00f3n relacionada con la actividad, productos y servicios ofrecidos por OLGA GUDAY PADROSA. El GRUPO GUDAY TERREROS ARQUITECTURA podr\u00e1 ejercer, si lo desea, los derechos de acceso, rectificaci\u00f3n, supresi\u00f3n, y otros reconocidos en la citada normativa. Para obtener m\u00e1s informaci\u00f3n sobre c\u00f3mo estamos tratando sus datos, acceda a nuestra pol\u00edtica de privacidad.<\/p>\n<p><span class=\"wpcf7-form-control-wrap acceptance-553\"><span class=\"wpcf7-form-control wpcf7-acceptance\"><span class=\"wpcf7-list-item\"><label><input type=\"checkbox\" name=\"acceptance-553\" value=\"1\" aria-invalid=\"false\" \/><span class=\"wpcf7-list-item-label\">ENTIENDO Y ACEPTO el tratamiento de mis datos tal y como se describe anteriormente y se explica con m\u00e1s detalle en la Pol\u00edtica de Privacidad. (Su negativa a facilitarnos la autorizaci\u00f3n implica la imposibilidad de tratar sus datos con la finalidad indicada).<\/span><\/label><\/span><\/span><\/span><\/p>\n<p><span class=\"wpcf7-form-control-wrap acceptance-558\"><span class=\"wpcf7-form-control wpcf7-acceptance optional\"><span class=\"wpcf7-list-item\"><label><input type=\"checkbox\" name=\"acceptance-558\" value=\"1\" aria-invalid=\"false\" \/><span class=\"wpcf7-list-item-label\">ENTIENDO Y ACEPTO recibir informaci\u00f3n en los t\u00e9rminos antes indicados sobre la actividad, productos y servicios de OLGA GUDAY PADROSA del GRUPO GUDAY TERREROS ARQUITECTURA<\/span><\/label><\/span><\/span><\/span><\/p>\n<p class=\"notice\">Enviando este email aceptas la nuestra<a href=\"http:\/\/welovewebs.com\/dev\/guday\/politica-de-privacitat\/\">Pol\u00edtica de Privacidad<\/a>.<\/p>\n<p><span id=\"wpcf7-69f71b63c9ef5-wrapper\" class=\"wpcf7-form-control-wrap email-wrap\" style=\"display:none !important; visibility:hidden !important;\"><label for=\"wpcf7-69f71b63c9ef5-field\" class=\"hp-message\">Por favor, deja este campo vac\u00edo.<\/label><input id=\"wpcf7-69f71b63c9ef5-field\"  class=\"wpcf7-form-control wpcf7-text\" type=\"text\" name=\"email\" value=\"\" size=\"40\" tabindex=\"-1\" autocomplete=\"new-password\" \/><\/span><\/p>\n<p><input type=\"submit\" value=\"Enviar\" class=\"wpcf7-form-control has-spinner wpcf7-submit\" \/><\/p>\n<input type='hidden' class='wpcf7-pum' value='{\"closepopup\":false,\"closedelay\":0,\"openpopup\":false,\"openpopup_id\":0}' \/><div class=\"wpcf7-response-output\" aria-hidden=\"true\"><\/div><\/form><\/div>[\/et_pb_code][et_pb_code disabled_on=\u00bboff|off|on\u00bb _builder_version=\u00bb4.14.1&#8243; _module_preset=\u00bbdefault\u00bb global_colors_info=\u00bb{}\u00bb]<iframe loading=\"lazy\" src=\"https:\/\/www.google.com\/maps\/embed?pb=!1m14!1m8!1m3!1d11972.828690853166!2d2.175372!3d41.391307!3m2!1i1024!2i768!4f13.1!3m3!1m2!1s0x0%3A0x9e072bc29e096a58!2sGuday+Terreros+Arquitectura!5e0!3m2!1ses!2ses!4v1566398450712!5m2!1ses!2ses\" width=\"100%\" height=\"500\" allowfullscreen=\"\"><\/iframe>[\/et_pb_code][\/et_pb_column_inner][\/et_pb_row_inner][\/et_pb_column][\/et_pb_section]<\/p>\n","protected":false},"excerpt":{"rendered":"<p>Cont\u00e1ctanosLl\u00e1manos al: 93 583 98 30 Escr\u00edbenos a: info@gudayterreros.com<div role=\"form\" class=\"wpcf7\" id=\"wpcf7-f3663-o2\" lang=\"es-ES\" dir=\"ltr\">\n<div class=\"screen-reader-response\"><p role=\"status\" aria-live=\"polite\" aria-atomic=\"true\"><\/p> <ul><\/ul><\/div>\n<form action=\"\/es\/wp-json\/wp\/v2\/pages\/3660#wpcf7-f3663-o2\" method=\"post\" class=\"wpcf7-form init\" novalidate=\"novalidate\" data-status=\"init\">\n<div style=\"display: none;\">\n<input type=\"hidden\" name=\"_wpcf7\" value=\"3663\" \/>\n<input type=\"hidden\" name=\"_wpcf7_version\" value=\"5.5.3\" \/>\n<input type=\"hidden\" name=\"_wpcf7_locale\" value=\"es_ES\" \/>\n<input type=\"hidden\" name=\"_wpcf7_unit_tag\" value=\"wpcf7-f3663-o2\" \/>\n<input type=\"hidden\" name=\"_wpcf7_container_post\" value=\"0\" \/>\n<input type=\"hidden\" name=\"_wpcf7_posted_data_hash\" value=\"\" \/>\n<\/div>\n<p><span class=\"wpcf7-form-control-wrap your-name\"><input type=\"text\" name=\"your-name\" value=\"\" size=\"40\" class=\"wpcf7-form-control wpcf7-text wpcf7-validates-as-required\" aria-required=\"true\" aria-invalid=\"false\" placeholder=\"Tu nombre\" \/><\/span><\/p>\n<p><span class=\"wpcf7-form-control-wrap your-email\"><input type=\"email\" name=\"your-email\" value=\"\" size=\"40\" class=\"wpcf7-form-control wpcf7-text wpcf7-email wpcf7-validates-as-required wpcf7-validates-as-email\" aria-required=\"true\" aria-invalid=\"false\" placeholder=\"Tu email\" \/><\/span><\/p>\n<p><span class=\"wpcf7-form-control-wrap your-message\"><textarea name=\"your-message\" cols=\"40\" rows=\"10\" class=\"wpcf7-form-control wpcf7-textarea wpcf7-validates-as-required\" aria-required=\"true\" aria-invalid=\"false\" placeholder=\"Tu mensaje\"><\/textarea><\/span><\/p>\n<p>De acuerdo con el RGPD y la LOPDGDD, OLGA GUDAY PADROSA tratar\u00e1 los datos facilitados, con el fin de contestar a las dudas y\/o quejas planteadas a trav\u00e9s del presente formulario y facilitar la informaci\u00f3n solicitada. Siempre que nos lo autorice previamente, enviaremos informaci\u00f3n relacionada con la actividad, productos y servicios ofrecidos por OLGA GUDAY PADROSA. El GRUPO GUDAY TERREROS ARQUITECTURA podr\u00e1 ejercer, si lo desea, los derechos de acceso, rectificaci\u00f3n, supresi\u00f3n, y otros reconocidos en la citada normativa. Para obtener m\u00e1s informaci\u00f3n sobre c\u00f3mo estamos tratando sus datos, acceda a nuestra pol\u00edtica de privacidad.<\/p>\n<p><span class=\"wpcf7-form-control-wrap acceptance-553\"><span class=\"wpcf7-form-control wpcf7-acceptance\"><span class=\"wpcf7-list-item\"><label><input type=\"checkbox\" name=\"acceptance-553\" value=\"1\" aria-invalid=\"false\" \/><span class=\"wpcf7-list-item-label\">ENTIENDO Y ACEPTO el tratamiento de mis datos tal y como se describe anteriormente y se explica con m\u00e1s detalle en la Pol\u00edtica de Privacidad. (Su negativa a facilitarnos la autorizaci\u00f3n implica la imposibilidad de tratar sus datos con la finalidad indicada).<\/span><\/label><\/span><\/span><\/span><\/p>\n<p><span class=\"wpcf7-form-control-wrap acceptance-558\"><span class=\"wpcf7-form-control wpcf7-acceptance optional\"><span class=\"wpcf7-list-item\"><label><input type=\"checkbox\" name=\"acceptance-558\" value=\"1\" aria-invalid=\"false\" \/><span class=\"wpcf7-list-item-label\">ENTIENDO Y ACEPTO recibir informaci\u00f3n en los t\u00e9rminos antes indicados sobre la actividad, productos y servicios de OLGA GUDAY PADROSA del GRUPO GUDAY TERREROS ARQUITECTURA<\/span><\/label><\/span><\/span><\/span><\/p>\n<p class=\"notice\">Enviando este email aceptas la nuestra<a href=\"http:\/\/welovewebs.com\/dev\/guday\/politica-de-privacitat\/\">Pol\u00edtica de Privacidad<\/a>.<\/p>\n<p><span id=\"wpcf7-69f71b63d2bd5-wrapper\" class=\"wpcf7-form-control-wrap email-wrap\" style=\"display:none !important; visibility:hidden !important;\"><label for=\"wpcf7-69f71b63d2bd5-field\" class=\"hp-message\">Por favor, deja este campo vac\u00edo.<\/label><input id=\"wpcf7-69f71b63d2bd5-field\"  class=\"wpcf7-form-control wpcf7-text\" type=\"text\" name=\"email\" value=\"\" size=\"40\" tabindex=\"-1\" autocomplete=\"new-password\" \/><\/span><\/p>\n<p><input type=\"submit\" value=\"Enviar\" class=\"wpcf7-form-control has-spinner wpcf7-submit\" \/><\/p>\n<input type='hidden' class='wpcf7-pum' value='{\"closepopup\":false,\"closedelay\":0,\"openpopup\":false,\"openpopup_id\":0}' \/><div class=\"wpcf7-response-output\" aria-hidden=\"true\"><\/div><\/form><\/div><\/p>\n","protected":false},"author":1,"featured_media":0,"parent":0,"menu_order":0,"comment_status":"closed","ping_status":"closed","template":"","meta":{"_et_pb_use_builder":"on","_et_pb_old_content":"","_et_gb_content_width":""},"acf":[],"yoast_head":"<!-- This site is optimized with the Yoast SEO plugin v19.10 - https:\/\/yoast.com\/wordpress\/plugins\/seo\/ -->\n<title>Guday Terreros Arquitectura | Contacto<\/title>\n<meta name=\"description\" content=\"Guday Terreros es la mejor empresa de arquitectura, urbanismo y decoraci\u00f3n en Barcelona. Desarrollamos el proyecto completo al mejor precio. Ll\u00e1manos al 931270860!\" \/>\n<meta name=\"robots\" content=\"index, follow, max-snippet:-1, max-image-preview:large, max-video-preview:-1\" \/>\n<link rel=\"canonical\" href=\"https:\/\/gudayterreros.com\/es\/contacto\/\" \/>\n<meta property=\"og:locale\" content=\"es_ES\" \/>\n<meta property=\"og:type\" content=\"article\" \/>\n<meta property=\"og:title\" content=\"Guday Terreros Arquitectura | Contacto\" \/>\n<meta property=\"og:description\" content=\"Guday Terreros es la mejor empresa de arquitectura, urbanismo y decoraci\u00f3n en Barcelona. Desarrollamos el proyecto completo al mejor precio. Ll\u00e1manos al 931270860!\" \/>\n<meta property=\"og:url\" content=\"https:\/\/gudayterreros.com\/es\/contacto\/\" \/>\n<meta property=\"og:site_name\" content=\"Guday Terreros\" \/>\n<meta property=\"article:modified_time\" content=\"2022-03-08T15:49:07+00:00\" \/>\n<meta name=\"twitter:card\" content=\"summary_large_image\" \/>\n<meta name=\"twitter:label1\" content=\"Tiempo de lectura\" \/>\n\t<meta name=\"twitter:data1\" content=\"3 minutos\" \/>\n<script type=\"application\/ld+json\" class=\"yoast-schema-graph\">{\"@context\":\"https:\/\/schema.org\",\"@graph\":[{\"@type\":\"WebPage\",\"@id\":\"https:\/\/gudayterreros.com\/es\/contacto\/\",\"url\":\"https:\/\/gudayterreros.com\/es\/contacto\/\",\"name\":\"Guday Terreros Arquitectura | Contacto\",\"isPartOf\":{\"@id\":\"https:\/\/gudayterreros.com\/es\/#website\"},\"datePublished\":\"2021-12-14T11:38:33+00:00\",\"dateModified\":\"2022-03-08T15:49:07+00:00\",\"description\":\"Guday Terreros es la mejor empresa de arquitectura, urbanismo y decoraci\u00f3n en Barcelona. Desarrollamos el proyecto completo al mejor precio. Ll\u00e1manos al 931270860!\",\"breadcrumb\":{\"@id\":\"https:\/\/gudayterreros.com\/es\/contacto\/#breadcrumb\"},\"inLanguage\":\"es\",\"potentialAction\":[{\"@type\":\"ReadAction\",\"target\":[\"https:\/\/gudayterreros.com\/es\/contacto\/\"]}]},{\"@type\":\"BreadcrumbList\",\"@id\":\"https:\/\/gudayterreros.com\/es\/contacto\/#breadcrumb\",\"itemListElement\":[{\"@type\":\"ListItem\",\"position\":1,\"name\":\"Portada\",\"item\":\"https:\/\/gudayterreros.com\/es\/\"},{\"@type\":\"ListItem\",\"position\":2,\"name\":\"Contacto &#8211; ES\"}]},{\"@type\":\"WebSite\",\"@id\":\"https:\/\/gudayterreros.com\/es\/#website\",\"url\":\"https:\/\/gudayterreros.com\/es\/\",\"name\":\"Guday Terreros\",\"description\":\"Despacho Arquitectura\",\"potentialAction\":[{\"@type\":\"SearchAction\",\"target\":{\"@type\":\"EntryPoint\",\"urlTemplate\":\"https:\/\/gudayterreros.com\/es\/?s={search_term_string}\"},\"query-input\":\"required name=search_term_string\"}],\"inLanguage\":\"es\"}]}<\/script>\n<!-- \/ Yoast SEO plugin. -->","yoast_head_json":{"title":"Guday Terreros Arquitectura | Contacto","description":"Guday Terreros es la mejor empresa de arquitectura, urbanismo y decoraci\u00f3n en Barcelona. Desarrollamos el proyecto completo al mejor precio. Ll\u00e1manos al 931270860!","robots":{"index":"index","follow":"follow","max-snippet":"max-snippet:-1","max-image-preview":"max-image-preview:large","max-video-preview":"max-video-preview:-1"},"canonical":"https:\/\/gudayterreros.com\/es\/contacto\/","og_locale":"es_ES","og_type":"article","og_title":"Guday Terreros Arquitectura | Contacto","og_description":"Guday Terreros es la mejor empresa de arquitectura, urbanismo y decoraci\u00f3n en Barcelona. Desarrollamos el proyecto completo al mejor precio. Ll\u00e1manos al 931270860!","og_url":"https:\/\/gudayterreros.com\/es\/contacto\/","og_site_name":"Guday Terreros","article_modified_time":"2022-03-08T15:49:07+00:00","twitter_card":"summary_large_image","twitter_misc":{"Tiempo de lectura":"3 minutos"},"schema":{"@context":"https:\/\/schema.org","@graph":[{"@type":"WebPage","@id":"https:\/\/gudayterreros.com\/es\/contacto\/","url":"https:\/\/gudayterreros.com\/es\/contacto\/","name":"Guday Terreros Arquitectura | Contacto","isPartOf":{"@id":"https:\/\/gudayterreros.com\/es\/#website"},"datePublished":"2021-12-14T11:38:33+00:00","dateModified":"2022-03-08T15:49:07+00:00","description":"Guday Terreros es la mejor empresa de arquitectura, urbanismo y decoraci\u00f3n en Barcelona. Desarrollamos el proyecto completo al mejor precio. Ll\u00e1manos al 931270860!","breadcrumb":{"@id":"https:\/\/gudayterreros.com\/es\/contacto\/#breadcrumb"},"inLanguage":"es","potentialAction":[{"@type":"ReadAction","target":["https:\/\/gudayterreros.com\/es\/contacto\/"]}]},{"@type":"BreadcrumbList","@id":"https:\/\/gudayterreros.com\/es\/contacto\/#breadcrumb","itemListElement":[{"@type":"ListItem","position":1,"name":"Portada","item":"https:\/\/gudayterreros.com\/es\/"},{"@type":"ListItem","position":2,"name":"Contacto &#8211; ES"}]},{"@type":"WebSite","@id":"https:\/\/gudayterreros.com\/es\/#website","url":"https:\/\/gudayterreros.com\/es\/","name":"Guday Terreros","description":"Despacho Arquitectura","potentialAction":[{"@type":"SearchAction","target":{"@type":"EntryPoint","urlTemplate":"https:\/\/gudayterreros.com\/es\/?s={search_term_string}"},"query-input":"required name=search_term_string"}],"inLanguage":"es"}]}},"_links":{"self":[{"href":"https:\/\/gudayterreros.com\/es\/wp-json\/wp\/v2\/pages\/3660"}],"collection":[{"href":"https:\/\/gudayterreros.com\/es\/wp-json\/wp\/v2\/pages"}],"about":[{"href":"https:\/\/gudayterreros.com\/es\/wp-json\/wp\/v2\/types\/page"}],"author":[{"embeddable":true,"href":"https:\/\/gudayterreros.com\/es\/wp-json\/wp\/v2\/users\/1"}],"replies":[{"embeddable":true,"href":"https:\/\/gudayterreros.com\/es\/wp-json\/wp\/v2\/comments?post=3660"}],"version-history":[{"count":17,"href":"https:\/\/gudayterreros.com\/es\/wp-json\/wp\/v2\/pages\/3660\/revisions"}],"predecessor-version":[{"id":4571,"href":"https:\/\/gudayterreros.com\/es\/wp-json\/wp\/v2\/pages\/3660\/revisions\/4571"}],"wp:attachment":[{"href":"https:\/\/gudayterreros.com\/es\/wp-json\/wp\/v2\/media?parent=3660"}],"curies":[{"name":"wp","href":"https:\/\/api.w.org\/{rel}","templated":true}]}}