{"id":2771,"date":"2021-12-03T08:56:52","date_gmt":"2021-12-03T08:56:52","guid":{"rendered":"https:\/\/gudayterreros.com\/?page_id=2771"},"modified":"2022-03-23T16:08:39","modified_gmt":"2022-03-23T16:08:39","slug":"politica-de-cookies","status":"publish","type":"page","link":"https:\/\/gudayterreros.com\/es\/politica-de-cookies\/","title":{"rendered":"Pol\u00edtica de cookies &#8211; ES"},"content":{"rendered":"<p>[et_pb_section fb_built=\u00bb1&#8243; _builder_version=\u00bb3.22&#8243; locked=\u00bboff\u00bb global_colors_info=\u00bb{}\u00bb][et_pb_row _builder_version=\u00bb3.25&#8243; background_size=\u00bbinitial\u00bb background_position=\u00bbtop_left\u00bb background_repeat=\u00bbrepeat\u00bb global_colors_info=\u00bb{}\u00bb][et_pb_column type=\u00bb4_4&#8243; _builder_version=\u00bb3.25&#8243; custom_padding=\u00bb|||\u00bb global_colors_info=\u00bb{}\u00bb custom_padding__hover=\u00bb|||\u00bb][et_pb_text _builder_version=\u00bb4.14.1&#8243; text_font=\u00bbRaleway||||||||\u00bb text_text_color=\u00bb#616060&#8243; link_font=\u00bbRaleway||||on||||\u00bb link_text_color=\u00bb#616060&#8243; header_font=\u00bbRaleway|300|||||||\u00bb header_text_color=\u00bb#616060&#8243; header_2_font=\u00bbRaleway||||||||\u00bb header_2_text_color=\u00bb#616060&#8243; background_size=\u00bbinitial\u00bb background_position=\u00bbtop_left\u00bb background_repeat=\u00bbrepeat\u00bb hover_enabled=\u00bb0&#8243; global_colors_info=\u00bb{}\u00bb sticky_enabled=\u00bb0&#8243;]<\/p>\n<div class=\"row\">\n<h1>POL\u00cdTICA DE COOKIES<\/h1>\n<\/div>\n<p>El objetivo de esta pol\u00edtica es informar a los interesados sobre las cookies que utiliza esta p\u00e1gina web de conformidad con lo que establece la Ley 34\/2002, de 11 de julio, de Servicios de la Sociedad de la Informaci\u00f3n y de Comercio Electr\u00f3nico, y el Reglamento (UE) 2016\/679 del Parlamento Europeo y de Consejo de 27 de abril de 2016.<\/p>\n<p><strong>1. USO DE COOKIES. \u00bfQUE SON LAS COOKIES?<\/strong><\/p>\n<p>Las cookies son archivos que se descargan en su ordenador, Smartphone o Tablet al acceder a determinadas p\u00e1ginas web. La utilizaci\u00f3n de cookies ofrece numerosas ventajas en la prestaci\u00f3n de servicios de la Sociedad de la Informaci\u00f3n, ya que, entre otras: (a) facilita la navegaci\u00f3n del usuario en el Sitio Web; (B) facilita al usuario el acceso a los diferentes servicios que ofrece el sitio web; (C) evita al usuario volver a configurar caracter\u00edsticas generales predefinidas cada vez que accede a en el Sitio Web; (D) favorece la mejora del funcionamiento y de los servicios prestados a trav\u00e9s del Sitio Web, despu\u00e9s del correspondiente an\u00e1lisis de la informaci\u00f3n obtenida a trav\u00e9s de las cookies instaladas; (I) permiten a una p\u00e1gina web, entre otras cosas, almacenar y recuperar informaci\u00f3n sobre los h\u00e1bitos de navegaci\u00f3n de un usuario o de su equipo y, dependiendo de la informaci\u00f3n que contengan y de la forma en que utilice su equipo, se pueden utilizar para reconocer al usuario.<br \/>La mayor\u00eda de los navegadores aceptan como est\u00e1ndar a las cookies y, con independencia de las mismas, permiten o impiden en la configuraci\u00f3n de seguridad las cookies temporales o memorizadas.<br \/>Ten en cuenta que para poder utilizar y contar con una mejor experiencia de navegaci\u00f3n, es necesario que tengas habilitadas las cookies, especialmente aquellas de car\u00e1cter t\u00e9cnico que resulten necesarias para que pueda identificarte como usuario registrado cada vez que accedas a la presente web.<br \/>En caso de no querer recibir cookies, por favor, configure su navegador de Internet, para que las borre del disco duro de su ordenador, las bloquee o le avise en su caso de instalaci\u00f3n de las mismas.<\/p>\n<p><strong>2. \u00bfQU\u00c9 TIPO DE COOKIES UTILIZA ESTA P\u00c1GINA WEB?<\/strong><\/p>\n<p>Cookies utilizadas en este sitio web:<\/p>\n<p>Siguiendo las directrices de la Agencia Espa\u00f1ola de Protecci\u00f3n de Datos, procedemos a detallar el uso de las cookies que esta p\u00e1gina web utiliza, para proporcionarle la m\u00e1xima informaci\u00f3n posible.<\/p>\n<p><strong>Cookies Propias:<\/strong><\/p>\n<p>Son aquellas que se env\u00edan al equipo terminal del usuario desde un equipo o dominio gestionado por el propio editor y desde el que se presta el servicio solicitado por el usuario.<\/p>\n<p>A continuaci\u00f3n la lista de las que utilizamos:<\/p>\n<p><strong>a. Algolia\u00a0<\/strong><\/p>\n<p>Cookie \u201calgoliasearch-client-js\u201d\u00a0<em>(Administrator cookie, will be ignored)<\/em><\/p>\n<p><strong>b. WPML<\/strong><\/p>\n<p>Cookie \u201cwp-wpml_current_language\u201d<\/p>\n<p>Cookie \u201cwp-wpml_current_admin_language_*\u201d\u00a0<em>(Administrator cookie, will be ignored)<\/em><\/p>\n<p><strong>c. GDPR Cookie Consent<\/strong><\/p>\n<p>Cookie \u201ccookielawinfo-checkbox-necessary\u201d<\/p>\n<p>Cookie \u201cviewed_cookie_policy\u201d<\/p>\n<p><strong>d. ShareThis<\/strong><\/p>\n<p>Cookie \u201c__unam\u201d<\/p>\n<p>Cookie \u201cUIDR\u201d<\/p>\n<p>Cookie \u201c_stgmap\u201d<\/p>\n<p>Cookie \u201c_stamap\u201d<\/p>\n<p>Cookie \u201cstacxiommap\u201d<\/p>\n<p>Cookie \u201cstdlxmap\u201d<\/p>\n<p>Cookie \u201c__uset\u201d<\/p>\n<p>Cookie \u201cuset\u201d<\/p>\n<p>Cookie \u201c__stid\u201d<\/p>\n<p><strong>e. WordPress<\/strong><\/p>\n<p>Cookie \u201cwordpress_*\u201d\u00a0<em>(Administrator cookie, will be ignored)<\/em><\/p>\n<p>&nbsp;<\/p>\n<p><strong><em><br \/>Cookies de Terceros:<\/em><\/strong><\/p>\n<p>Son aquellas que se env\u00edan al equipo terminal del usuario desde un equipo o dominio que no es gestionado por el editor, sino por otra entidad que trata los datos obtenidos mediante cookies.<\/p>\n<p>A continuaci\u00f3n la lista de las que utilizamos:<\/p>\n<p><strong>f. Google Analytics<\/strong><\/p>\n<p>Cookie \u201c_ga\u201d<\/p>\n<p>Cookie \u201c_gid\u201d<\/p>\n<p><strong>g. Google Tag Manager<\/strong><\/p>\n<p>Cookie \u201c_gat_UA-*\u201d<\/p>\n<p><strong>h. Cookies without selected service<\/strong><\/p>\n<p>Cookie \u201cCookieLawInfoConsent\u201d<\/p>\n<p>Cookie \u201cfpestid\u201d<\/p>\n<p>Cookie \u201cwp-autosave-1\u201d<\/p>\n<p><strong>i. Google Fonts<\/strong><\/p>\n<p>Cookie \u201cGoogle Fonts API\u201d<\/p>\n<p><strong>j. Google Maps<\/strong><\/p>\n<p>Cookie \u201cGoogle Maps API\u201d<\/p>\n<p><strong>k. YouTube<\/strong><\/p>\n<p>Cookie \u201cGPS\u201d<\/p>\n<p>Cookie \u201cVISITOR_INFO1_LIVE\u201d<\/p>\n<p>Cookie \u201cYSC\u201d<\/p>\n<p>Cookie \u201cPREF\u201d<\/p>\n<p><strong>l. Facebook<\/strong><\/p>\n<p>Cookie \u201c_js_datr\u201d\u00a0<em>(Administrator cookie, will be ignored)<\/em><\/p>\n<p>Cookie \u201c_fbc\u201d<\/p>\n<p>Cookie \u201cfbm*\u201d<\/p>\n<p>Cookie \u201cxs\u201d<\/p>\n<p>Cookie \u201cwd\u201d<\/p>\n<p>Cookie \u201cfr\u201d<\/p>\n<p>Cookie \u201cact\u201d<\/p>\n<p>Cookie \u201c_fbp\u201d<\/p>\n<p>Cookie \u201cdatr\u201d<\/p>\n<p>Cookie \u201cc_user\u201d<\/p>\n<p>Cookie \u201ccsm\u201d<\/p>\n<p>Cookie \u201csb\u201d<\/p>\n<p>Cookie \u201cpresence\u201d<\/p>\n<p>Cookie \u201c*_fbm_\u201d<\/p>\n<p><strong>m. Instagram<\/strong><\/p>\n<p>Cookie \u201cactppresence\u201d<\/p>\n<p><strong>n. Complianz<\/strong><\/p>\n<p>Cookie \u201ccmplz_user_data\u201d<\/p>\n<p>Cookie \u201ccomplianz_policy_id\u201d<\/p>\n<p>Cookie \u201ccomplianz_consent_status\u201d<\/p>\n<p>Cookie \u201ccmplz_event_*\u201d<\/p>\n<p>Cookie \u201ccmplz_marketing\u201d<\/p>\n<p>OLGA GUDAY PADROSA no se hace responsable, en ning\u00fan caso ni de contenido ni de la veracidad de las pol\u00edticas y\/o condiciones de uso y privacidad de los terceros, incluidos, a trav\u00e9s de los enlaces, en esta pol\u00edtica.<\/p>\n<p><strong>3. CONSENTIMIENTO<\/strong><\/p>\n<p>En relaci\u00f3n con la utilizaci\u00f3n de cookies de este sitio web, el usuario autoriza y consiente su uso de la siguiente forma:<br \/>Cuando el usuario accede a la p\u00e1gina de inicio de la p\u00e1gina web, ver\u00e1 un aviso donde se indica que la p\u00e1gina web de OLGA GUDAY PADROSA utiliza cookies, pudiendo el usuario aceptar o rechazar el uso de las mismas a trav\u00e9s de la configuraci\u00f3n de su navegador. Al hacer clic en aceptar, usted acepta el uso de nuestras cookies y, en su caso, las de los terceros. El panel de configuraci\u00f3n\/privacidad le permite la posibilidad de aceptarlas por tipolog\u00eda.<\/p>\n<p><strong>4. COMO BLOQUEAR O ELIMINAR LAS COOKIES INSTALADAS<\/strong><\/p>\n<p>Puede usted permitir, bloquear, revocar o eliminar las cookies instaladas en su equipo mediante la configuraci\u00f3n de las opciones de su navegador. Puede encontrar informaci\u00f3n sobre c\u00f3mo hacerlo, en relaci\u00f3n con los navegadores m\u00e1s comunes en los enlaces que se incluyen a continuaci\u00f3n:<\/p>\n<p>Explorer:\u00a0<a href=\"https:\/\/support.microsoft.com\/es-es\/kb\/278835\">https:\/\/support.microsoft.com\/es-es\/kb\/278835<\/a><\/p>\n<p>Microsoft Edge<strong>:\u00a0<\/strong><a href=\"https:\/\/privacy.microsoft.com\/es-es\/windows-10-microsoft-edge-and-privacy\">https:\/\/privacy.microsoft.com\/es-es\/windows-10-microsoft-edge-and-privacy<\/a><\/p>\n<p>Chrome:<a href=\"http:\/\/support.google.com\/chrome\/bin\/answer.py?hl=es&amp;answer=95647\">https:\/\/support.google.com\/chrome\/answer\/95647?co=GENIE.Platform%3DDesktop&amp;hl=esttp:\/\/support.google.com\/chrome\/bin\/answer.py?hl=es&amp;answer=95647<\/a><\/p>\n<p>Firefox:\u00a0<a href=\"http:\/\/support.mozilla.org\/es\/kb\/Borrar%20cookies\">http:\/\/support.mozilla.org\/es\/kb\/Borrar%20cookies<\/a><\/p>\n<p>Safari:\u00a0<a href=\"http:\/\/support.apple.com\/kb\/ph5042\">http:\/\/support.apple.com\/kb\/ph5042<\/a>.<\/p>\n<p>Opera:\u00a0<a href=\"https:\/\/help.opera.com\/en\/latest\/web-preferences\/#cookies\">https:\/\/help.opera.com\/en\/latest\/web-preferences\/#cookies<\/a><\/p>\n<p>No obstante, le informamos de la posibilidad de que la desactivaci\u00f3n de alguna cookie impida o dificulte la navegaci\u00f3n o la prestaci\u00f3n de los servicios ofrecidos en la p\u00e1gina web.<\/p>\n<ol start=\"5\">\n<li><strong>DESTINATARIOS DE LA INFORMACI\u00d3N<\/strong><\/li>\n<\/ol>\n<p>Tendr\u00e1n acceso a la informaci\u00f3n obtenida a trav\u00e9s de las cookies de la p\u00e1gina web las empresas colaboradoras detalladas en el Panel de configuraci\u00f3n, donde podr\u00e1s asimismo consultar las finalidades con las que la utilizan y sus respectivas pol\u00edticas de privacidad.<br \/>Asimismo, le informamos que algunos de nuestros proveedores as\u00ed como empresas colaboradoras pueden realizar transferencias a terceros pa\u00edses. Puedes informarte de las transferencias a terceros pa\u00edses que en su caso realizan en sus correspondientes pol\u00edticas de privacidad, accesibles a trav\u00e9s de los enlaces facilitados en el Panel de configuraci\u00f3n.<\/p>\n<p><strong>6. MODIFICACIONES \/ ACTUALIZACI\u00d3N<\/strong><\/p>\n<p>La presente pol\u00edtica de cookies puede verse modificada\/actualizada en funci\u00f3n de las exigencias legales establecidas o con el fin de adaptar esta pol\u00edtica a las instrucciones dictadas por la Agencia Espa\u00f1ola de Protecci\u00f3n de Datos o cambios en nuestro sitio web.<br \/>Por esta raz\u00f3n, aconsejamos a los usuarios visitar peri\u00f3dicamente nuestra pol\u00edtica de cookies.<br \/>Si tiene dudas sobre esta pol\u00edtica de cookies, puede contactar con OLGA GUDAY PADROSA a trav\u00e9s del siguiente correo electr\u00f3nico info@gudayterreros.com<\/p>\n<p>&nbsp;<\/p>\n<p>\u00daltima actualizaci\u00f3n: 31 de enero del 2022.<\/p>\n<p>[\/et_pb_text][\/et_pb_column][\/et_pb_row][\/et_pb_section]<\/p>\n","protected":false},"excerpt":{"rendered":"<p>POL\u00cdTICA DE COOKIES El objetivo de esta pol\u00edtica es informar a los interesados sobre las cookies que utiliza esta p\u00e1gina web de conformidad con lo que establece la Ley 34\/2002, de 11 de julio, de Servicios de la Sociedad de la Informaci\u00f3n y de Comercio Electr\u00f3nico, y el Reglamento (UE) 2016\/679 del Parlamento Europeo y [&hellip;]<\/p>\n","protected":false},"author":1,"featured_media":0,"parent":0,"menu_order":0,"comment_status":"closed","ping_status":"closed","template":"","meta":{"_et_pb_use_builder":"on","_et_pb_old_content":"","_et_gb_content_width":""},"acf":[],"yoast_head":"<!-- This site is optimized with the Yoast SEO plugin v19.10 - https:\/\/yoast.com\/wordpress\/plugins\/seo\/ -->\n<title>Pol\u00edtica de cookies - ES - Guday Terreros<\/title>\n<meta name=\"robots\" content=\"index, follow, max-snippet:-1, max-image-preview:large, max-video-preview:-1\" \/>\n<link rel=\"canonical\" href=\"https:\/\/gudayterreros.com\/es\/politica-de-cookies\/\" \/>\n<meta property=\"og:locale\" content=\"es_ES\" \/>\n<meta property=\"og:type\" content=\"article\" \/>\n<meta property=\"og:title\" content=\"Pol\u00edtica de cookies - ES - Guday Terreros\" \/>\n<meta property=\"og:description\" content=\"POL\u00cdTICA DE COOKIES El objetivo de esta pol\u00edtica es informar a los interesados sobre las cookies que utiliza esta p\u00e1gina web de conformidad con lo que establece la Ley 34\/2002, de 11 de julio, de Servicios de la Sociedad de la Informaci\u00f3n y de Comercio Electr\u00f3nico, y el Reglamento (UE) 2016\/679 del Parlamento Europeo y [&hellip;]\" \/>\n<meta property=\"og:url\" content=\"https:\/\/gudayterreros.com\/es\/politica-de-cookies\/\" \/>\n<meta property=\"og:site_name\" content=\"Guday Terreros\" \/>\n<meta property=\"article:modified_time\" content=\"2022-03-23T16:08:39+00:00\" \/>\n<meta name=\"twitter:card\" content=\"summary_large_image\" \/>\n<meta name=\"twitter:label1\" content=\"Tiempo de lectura\" \/>\n\t<meta name=\"twitter:data1\" content=\"7 minutos\" \/>\n<script type=\"application\/ld+json\" class=\"yoast-schema-graph\">{\"@context\":\"https:\/\/schema.org\",\"@graph\":[{\"@type\":\"WebPage\",\"@id\":\"https:\/\/gudayterreros.com\/es\/politica-de-cookies\/\",\"url\":\"https:\/\/gudayterreros.com\/es\/politica-de-cookies\/\",\"name\":\"Pol\u00edtica de cookies - ES - Guday Terreros\",\"isPartOf\":{\"@id\":\"https:\/\/gudayterreros.com\/es\/#website\"},\"datePublished\":\"2021-12-03T08:56:52+00:00\",\"dateModified\":\"2022-03-23T16:08:39+00:00\",\"breadcrumb\":{\"@id\":\"https:\/\/gudayterreros.com\/es\/politica-de-cookies\/#breadcrumb\"},\"inLanguage\":\"es\",\"potentialAction\":[{\"@type\":\"ReadAction\",\"target\":[\"https:\/\/gudayterreros.com\/es\/politica-de-cookies\/\"]}]},{\"@type\":\"BreadcrumbList\",\"@id\":\"https:\/\/gudayterreros.com\/es\/politica-de-cookies\/#breadcrumb\",\"itemListElement\":[{\"@type\":\"ListItem\",\"position\":1,\"name\":\"Portada\",\"item\":\"https:\/\/gudayterreros.com\/es\/\"},{\"@type\":\"ListItem\",\"position\":2,\"name\":\"Pol\u00edtica de cookies &#8211; ES\"}]},{\"@type\":\"WebSite\",\"@id\":\"https:\/\/gudayterreros.com\/es\/#website\",\"url\":\"https:\/\/gudayterreros.com\/es\/\",\"name\":\"Guday Terreros\",\"description\":\"Despacho Arquitectura\",\"potentialAction\":[{\"@type\":\"SearchAction\",\"target\":{\"@type\":\"EntryPoint\",\"urlTemplate\":\"https:\/\/gudayterreros.com\/es\/?s={search_term_string}\"},\"query-input\":\"required name=search_term_string\"}],\"inLanguage\":\"es\"}]}<\/script>\n<!-- \/ Yoast SEO plugin. -->","yoast_head_json":{"title":"Pol\u00edtica de cookies - ES - Guday Terreros","robots":{"index":"index","follow":"follow","max-snippet":"max-snippet:-1","max-image-preview":"max-image-preview:large","max-video-preview":"max-video-preview:-1"},"canonical":"https:\/\/gudayterreros.com\/es\/politica-de-cookies\/","og_locale":"es_ES","og_type":"article","og_title":"Pol\u00edtica de cookies - ES - Guday Terreros","og_description":"POL\u00cdTICA DE COOKIES El objetivo de esta pol\u00edtica es informar a los interesados sobre las cookies que utiliza esta p\u00e1gina web de conformidad con lo que establece la Ley 34\/2002, de 11 de julio, de Servicios de la Sociedad de la Informaci\u00f3n y de Comercio Electr\u00f3nico, y el Reglamento (UE) 2016\/679 del Parlamento Europeo y [&hellip;]","og_url":"https:\/\/gudayterreros.com\/es\/politica-de-cookies\/","og_site_name":"Guday Terreros","article_modified_time":"2022-03-23T16:08:39+00:00","twitter_card":"summary_large_image","twitter_misc":{"Tiempo de lectura":"7 minutos"},"schema":{"@context":"https:\/\/schema.org","@graph":[{"@type":"WebPage","@id":"https:\/\/gudayterreros.com\/es\/politica-de-cookies\/","url":"https:\/\/gudayterreros.com\/es\/politica-de-cookies\/","name":"Pol\u00edtica de cookies - ES - Guday Terreros","isPartOf":{"@id":"https:\/\/gudayterreros.com\/es\/#website"},"datePublished":"2021-12-03T08:56:52+00:00","dateModified":"2022-03-23T16:08:39+00:00","breadcrumb":{"@id":"https:\/\/gudayterreros.com\/es\/politica-de-cookies\/#breadcrumb"},"inLanguage":"es","potentialAction":[{"@type":"ReadAction","target":["https:\/\/gudayterreros.com\/es\/politica-de-cookies\/"]}]},{"@type":"BreadcrumbList","@id":"https:\/\/gudayterreros.com\/es\/politica-de-cookies\/#breadcrumb","itemListElement":[{"@type":"ListItem","position":1,"name":"Portada","item":"https:\/\/gudayterreros.com\/es\/"},{"@type":"ListItem","position":2,"name":"Pol\u00edtica de cookies &#8211; ES"}]},{"@type":"WebSite","@id":"https:\/\/gudayterreros.com\/es\/#website","url":"https:\/\/gudayterreros.com\/es\/","name":"Guday Terreros","description":"Despacho Arquitectura","potentialAction":[{"@type":"SearchAction","target":{"@type":"EntryPoint","urlTemplate":"https:\/\/gudayterreros.com\/es\/?s={search_term_string}"},"query-input":"required name=search_term_string"}],"inLanguage":"es"}]}},"_links":{"self":[{"href":"https:\/\/gudayterreros.com\/es\/wp-json\/wp\/v2\/pages\/2771"}],"collection":[{"href":"https:\/\/gudayterreros.com\/es\/wp-json\/wp\/v2\/pages"}],"about":[{"href":"https:\/\/gudayterreros.com\/es\/wp-json\/wp\/v2\/types\/page"}],"author":[{"embeddable":true,"href":"https:\/\/gudayterreros.com\/es\/wp-json\/wp\/v2\/users\/1"}],"replies":[{"embeddable":true,"href":"https:\/\/gudayterreros.com\/es\/wp-json\/wp\/v2\/comments?post=2771"}],"version-history":[{"count":3,"href":"https:\/\/gudayterreros.com\/es\/wp-json\/wp\/v2\/pages\/2771\/revisions"}],"predecessor-version":[{"id":4588,"href":"https:\/\/gudayterreros.com\/es\/wp-json\/wp\/v2\/pages\/2771\/revisions\/4588"}],"wp:attachment":[{"href":"https:\/\/gudayterreros.com\/es\/wp-json\/wp\/v2\/media?parent=2771"}],"curies":[{"name":"wp","href":"https:\/\/api.w.org\/{rel}","templated":true}]}}