{"id":2769,"date":"2021-12-03T08:55:29","date_gmt":"2021-12-03T08:55:29","guid":{"rendered":"https:\/\/gudayterreros.com\/?page_id=2769"},"modified":"2022-03-24T16:01:20","modified_gmt":"2022-03-24T16:01:20","slug":"politica-de-privacidad","status":"publish","type":"page","link":"https:\/\/gudayterreros.com\/es\/politica-de-privacidad\/","title":{"rendered":"Pol\u00edtica de privacidad &#8211; ES"},"content":{"rendered":"<p>[et_pb_section fb_built=\u00bb1&#8243; _builder_version=\u00bb3.22&#8243; locked=\u00bboff\u00bb global_colors_info=\u00bb{}\u00bb][et_pb_row _builder_version=\u00bb3.25&#8243; background_size=\u00bbinitial\u00bb background_position=\u00bbtop_left\u00bb background_repeat=\u00bbrepeat\u00bb global_colors_info=\u00bb{}\u00bb][et_pb_column type=\u00bb4_4&#8243; _builder_version=\u00bb3.25&#8243; custom_padding=\u00bb|||\u00bb global_colors_info=\u00bb{}\u00bb custom_padding__hover=\u00bb|||\u00bb][et_pb_text _builder_version=\u00bb4.14.1&#8243; text_font=\u00bbRaleway||||||||\u00bb text_text_color=\u00bb#616060&#8243; link_font=\u00bbRaleway||||on||||\u00bb link_text_color=\u00bb#616060&#8243; header_font=\u00bbRaleway|300|||||||\u00bb header_text_color=\u00bb#616060&#8243; header_2_font=\u00bbRaleway||||||||\u00bb header_2_text_color=\u00bb#616060&#8243; background_size=\u00bbinitial\u00bb background_position=\u00bbtop_left\u00bb background_repeat=\u00bbrepeat\u00bb hover_enabled=\u00bb0&#8243; global_colors_info=\u00bb{}\u00bb sticky_enabled=\u00bb0&#8243;]<\/p>\n<div class=\"row\">\n<h1>POL\u00cdTICA DE PRIVACIDAD<\/h1>\n<\/div>\n<p>El objetivo de esta pol\u00edtica es informar a los interesados sobre los diferentes tratamientos realizados por esta organizaci\u00f3n mediante la p\u00e1gina web y que afectan a sus datos personales de conformidad con el establecimiento en la Ley Org\u00e1nica 3\/2018, de 5 de diciembre, de Protecci\u00f3n de Datos Personales y garant\u00eda de los derechos digitales y el Reglamento (UE) 2016\/679 del Parlamento Europeo y del Consejo de 27 de abril de 2016.<\/p>\n<ol>\n<li><strong>IDENTIFICACI\u00d3N Y DATOS DE CONTACTO DEL RESPONSABLE.<\/strong><\/li>\n<\/ol>\n<p>La organizaci\u00f3n OLGA GUDAY PADROSA, domiciliada en Ronda Sant Pere, n\u00ba58, 3\u00ba2\u00aa 08010 BARCELONA, con N.I.F. 44016975N, tel\u00e9fono de contacto: 935839830 y correo electr\u00f3nico olga@gudayterreros.com.<\/p>\n<ol start=\"2\">\n<li><strong>FINALIDADES DEL TRATAMIENTO DE TUS DATOS PERSONALES.<\/strong><\/li>\n<\/ol>\n<p>USUARIOS \/ NAVEGANTES DE LA P\u00c1GINA WEB DEL RESPONSABLE.<br \/>Trataremos sus datos de car\u00e1cter personal facilitados a trav\u00e9s de nuestros formularios web para:<\/p>\n<ul>\n<li>Atender a las solicitudes, quejas e incidencias trasladadas a trav\u00e9s de nuestros canales de contacto incorporados a la p\u00e1gina web.<\/li>\n<\/ul>\n<ul>\n<li>Entender el comportamiento del navegante dentro de la web con el fin de detectar posibles ataques inform\u00e1ticos en nuestra web.<\/li>\n<\/ul>\n<ul>\n<li>Cumplir con las obligaciones legales que resulten directamente aplicables y regulan nuestra actividad. Para proteger y ejercitar nuestros derechos o responder antes de reclamaciones de cualquier \u00edndice.<\/li>\n<\/ul>\n<ul>\n<li>En su caso, env\u00edo de comunicaciones comerciales relativas a los bienes o servicios que conforman nuestra actividad., I\/o noticias o boletines relacionados con nuestro sector.<\/li>\n<\/ul>\n<ul>\n<li>Gestionar y enviar el presupuesto solicitado.<\/li>\n<\/ul>\n<ul>\n<li>para programar la cita solicitada.<\/li>\n<\/ul>\n<p>&nbsp;<\/p>\n<p><strong>3. BASE JUR\u00cdDICA DEL TRATAMIENTO.<\/strong><\/p>\n<p>USUARIOS \/ NAVEGANTES EN LA P\u00c1GINA WEB DEL RESPONSABLE.<\/p>\n<ul>\n<li>En el consentimiento que nos ha dado por tratar sus datos con las finalidades indicadas. La negativa a facilitar sus datos personales permitir\u00e1 la imposibilidad de tratar sus datos con los fines mencionados.<\/li>\n<\/ul>\n<ul>\n<li>Por cumplir con las obligaciones legales que nos aplican. En este caso, el inter\u00e9s no puede negarse al tratamiento de los datos personales<\/li>\n<\/ul>\n<ul>\n<li>En nuestro inter\u00e9s leg\u00edtimo por proteger nuestra imagen, negocio y trayectoria evitando ataques a nuestra p\u00e1gina web.<br \/>En este caso, el interesado no se podr\u00e1 negar al tratamiento de los datos personales aunque podr\u00e1 ejercer, en su caso, los derechos reconocidos en el apartado octavo de la presente pol\u00edtica.<\/li>\n<\/ul>\n<p><strong>4. PLAZOS O CRITERIOS DE CONSERVACI\u00d3N DE LOS DATOS.<\/strong><\/p>\n<p>Los datos personales proporcionados se conservar\u00e1n durante el tiempo necesario para cumplir con los fines para los que fueron recopilados inicialmente.<br \/>Una vez que los datos dejen de ser necesarios para el tratamiento en cuesti\u00f3n, \u00e9stos se mantendr\u00e1n debidamente bloqueados para, en su caso, ponerlos a disposici\u00f3n de las administraciones y organismos p\u00fablicas competentes, los jueces y tribunales o el ministerio fiscal, de acuerdo a lo largo del plazo de prescripci\u00f3n de las acciones que puedan derivarse de la relaci\u00f3n mantenida con el cliente y\/o los plazos de conservaci\u00f3n previstos legalmente.<\/p>\n<p>Periodo de bloqueo de los datos:<\/p>\n<ul>\n<li><strong>EL C\u00d3DIGO CIVIL<\/strong>. Entre 5 o 15 a\u00f1os seg\u00fan el caso, atendiendo a lo dispuesto en el art\u00edculo 1964.2 del cuerpo legal mencionado.<\/li>\n<\/ul>\n<p>&nbsp;<\/p>\n<p><strong>5. DECISIONES AUTOMATIZADAS Y ELABORACI\u00d3N DE PERFILES.<\/strong><\/p>\n<p>La p\u00e1gina web no toma decisiones automatizadas ni elabora perfiles.<\/p>\n<p>&nbsp;<\/p>\n<p><strong>6. DESTINATARIOS<\/strong><\/p>\n<p>Durante el per\u00edodo de duraci\u00f3n del tratamiento de sus datos personales, la organizaci\u00f3n podr\u00e1 ceder sus datos a los siguientes destinatarios:<\/p>\n<ul>\n<li>Jueces y Tribunales.<\/li>\n<li>Fuerzas y Cuerpos de Seguridad del Estado.<\/li>\n<li>Otras autoridades y organismos p\u00fablicos competentes, cuando el responsable tenga la obligaci\u00f3n legal de facilitar sus datos personales.<\/li>\n<\/ul>\n<p>&nbsp;<\/p>\n<p><strong>7. TRANSFERENCIAS INTERNACIONALES DE DATOS.<\/strong><\/p>\n<p>La organizaci\u00f3n no realiza ninguna transferencia Internacional de Datos.<\/p>\n<p>8.\u00a0<strong>DERECHOS<\/strong><\/p>\n<p>Los interesados \u200b\u200bpodr\u00e1n ejercer en cualquier momento y de forma totalmente gratuita los derechos de acceso, rectificaci\u00f3n y supresi\u00f3n, as\u00ed como solicitar que se limite el tratamiento de sus datos personales, oponerse a la misma, solicitar la portabilidad de \u00e9stos (siempre que sea t\u00e9cnicamente posible) o retirar el consentimiento prestado, y en su caso, cuando proceda, a no ser objeto de una decisi\u00f3n basada \u00fanicamente en un tratamiento automatizado, incluida la elaboraci\u00f3n de perfiles.<\/p>\n<p>Para ello podr\u00e1 utilizar los formularios habilitados por la organizaci\u00f3n, o bien dirigir un escrito a la direcci\u00f3n postal o correo electr\u00f3nico arriba indicadas. En cualquier caso, su solicitud debe acompa\u00f1arse de una fotocopia de su D.N.I. o documento equivalente, con el fin de acreditar su identidad.<\/p>\n<p>En caso de que sienta vulnerados sus derechos en cuanto a la protecci\u00f3n de sus datos personales, especialmente cuando no haya obtenido satisfacci\u00f3n en el ejercicio de sus derechos, puede presentar una reclamaci\u00f3n ante la Autoridad de Control en materia de protecci\u00f3n de datos competente (Agencia espa\u00f1ola de Protecci\u00f3n de Datos), a trav\u00e9s de su sitio web:<\/p>\n<p><a href=\"http:\/\/www.agpd.es\/\" target=\"_blank\" rel=\"noreferrer noopener\">http:\/\/www.agpd.es\/<\/a><\/p>\n<p>En cumplimiento de lo dispuesto en el art\u00edculo 21 de la Ley 34\/2002 de servicios de la sociedad de la informaci\u00f3n y comercio electr\u00f3nico, si usted no desea recibir m\u00e1s informaci\u00f3n sobre nuestros servicios, puede darse de baja enviando un correo electr\u00f3nico a la direcci\u00f3n olga@gudayterreros.com, con asunto \u00abBAJAS\u00bb.<\/p>\n<p>&nbsp;<\/p>\n<p><strong>9. VERACIDAD DE LOS DATOS.<\/strong><\/p>\n<p>El interesado garantiza que los datos aportados son verdaderos, exactos, completos y se encuentran actualizados; comprometi\u00e9ndose a informar de cualquier cambio respecto a los datos que aportase, por los canales habilitados al efecto e indicados en el punto uno de la presente pol\u00edtica. Ser\u00e1 responsable de cualquier da\u00f1o o perjuicio, tanto directo como indirecto, que pudiera ocasionar como consecuencia del incumplimiento de la presente obligaci\u00f3n.<\/p>\n<p>En caso de que el usuario facilite datos de terceros, declara que cuenta con el consentimiento de los interesados y se compromete a trasladarle la informaci\u00f3n contenida en esta cl\u00e1usula,<br \/>eximiendo a la organizaci\u00f3n de cualquier responsabilidad derivada por la falta de cumplimiento de la presente obligaci\u00f3n.<\/p>\n<p>\u00daltima revisi\u00f3n: 24 de marzo de 2022.<\/p>\n<p>[\/et_pb_text][\/et_pb_column][\/et_pb_row][\/et_pb_section]<\/p>\n","protected":false},"excerpt":{"rendered":"<p>POL\u00cdTICA DE PRIVACIDAD El objetivo de esta pol\u00edtica es informar a los interesados sobre los diferentes tratamientos realizados por esta organizaci\u00f3n mediante la p\u00e1gina web y que afectan a sus datos personales de conformidad con el establecimiento en la Ley Org\u00e1nica 3\/2018, de 5 de diciembre, de Protecci\u00f3n de Datos Personales y garant\u00eda de los [&hellip;]<\/p>\n","protected":false},"author":1,"featured_media":0,"parent":0,"menu_order":0,"comment_status":"closed","ping_status":"closed","template":"","meta":{"_et_pb_use_builder":"on","_et_pb_old_content":"","_et_gb_content_width":""},"acf":[],"yoast_head":"<!-- This site is optimized with the Yoast SEO plugin v19.10 - https:\/\/yoast.com\/wordpress\/plugins\/seo\/ -->\n<title>Pol\u00edtica de privacidad - ES - Guday Terreros<\/title>\n<meta name=\"robots\" content=\"index, follow, max-snippet:-1, max-image-preview:large, max-video-preview:-1\" \/>\n<link rel=\"canonical\" href=\"https:\/\/gudayterreros.com\/es\/politica-de-privacidad\/\" \/>\n<meta property=\"og:locale\" content=\"es_ES\" \/>\n<meta property=\"og:type\" content=\"article\" \/>\n<meta property=\"og:title\" content=\"Pol\u00edtica de privacidad - ES - Guday Terreros\" \/>\n<meta property=\"og:description\" content=\"POL\u00cdTICA DE PRIVACIDAD El objetivo de esta pol\u00edtica es informar a los interesados sobre los diferentes tratamientos realizados por esta organizaci\u00f3n mediante la p\u00e1gina web y que afectan a sus datos personales de conformidad con el establecimiento en la Ley Org\u00e1nica 3\/2018, de 5 de diciembre, de Protecci\u00f3n de Datos Personales y garant\u00eda de los [&hellip;]\" \/>\n<meta property=\"og:url\" content=\"https:\/\/gudayterreros.com\/es\/politica-de-privacidad\/\" \/>\n<meta property=\"og:site_name\" content=\"Guday Terreros\" \/>\n<meta property=\"article:modified_time\" content=\"2022-03-24T16:01:20+00:00\" \/>\n<meta name=\"twitter:card\" content=\"summary_large_image\" \/>\n<meta name=\"twitter:label1\" content=\"Tiempo de lectura\" \/>\n\t<meta name=\"twitter:data1\" content=\"5 minutos\" \/>\n<script type=\"application\/ld+json\" class=\"yoast-schema-graph\">{\"@context\":\"https:\/\/schema.org\",\"@graph\":[{\"@type\":\"WebPage\",\"@id\":\"https:\/\/gudayterreros.com\/es\/politica-de-privacidad\/\",\"url\":\"https:\/\/gudayterreros.com\/es\/politica-de-privacidad\/\",\"name\":\"Pol\u00edtica de privacidad - ES - Guday Terreros\",\"isPartOf\":{\"@id\":\"https:\/\/gudayterreros.com\/es\/#website\"},\"datePublished\":\"2021-12-03T08:55:29+00:00\",\"dateModified\":\"2022-03-24T16:01:20+00:00\",\"breadcrumb\":{\"@id\":\"https:\/\/gudayterreros.com\/es\/politica-de-privacidad\/#breadcrumb\"},\"inLanguage\":\"es\",\"potentialAction\":[{\"@type\":\"ReadAction\",\"target\":[\"https:\/\/gudayterreros.com\/es\/politica-de-privacidad\/\"]}]},{\"@type\":\"BreadcrumbList\",\"@id\":\"https:\/\/gudayterreros.com\/es\/politica-de-privacidad\/#breadcrumb\",\"itemListElement\":[{\"@type\":\"ListItem\",\"position\":1,\"name\":\"Portada\",\"item\":\"https:\/\/gudayterreros.com\/es\/\"},{\"@type\":\"ListItem\",\"position\":2,\"name\":\"Pol\u00edtica de privacidad &#8211; ES\"}]},{\"@type\":\"WebSite\",\"@id\":\"https:\/\/gudayterreros.com\/es\/#website\",\"url\":\"https:\/\/gudayterreros.com\/es\/\",\"name\":\"Guday Terreros\",\"description\":\"Despacho Arquitectura\",\"potentialAction\":[{\"@type\":\"SearchAction\",\"target\":{\"@type\":\"EntryPoint\",\"urlTemplate\":\"https:\/\/gudayterreros.com\/es\/?s={search_term_string}\"},\"query-input\":\"required name=search_term_string\"}],\"inLanguage\":\"es\"}]}<\/script>\n<!-- \/ Yoast SEO plugin. -->","yoast_head_json":{"title":"Pol\u00edtica de privacidad - ES - Guday Terreros","robots":{"index":"index","follow":"follow","max-snippet":"max-snippet:-1","max-image-preview":"max-image-preview:large","max-video-preview":"max-video-preview:-1"},"canonical":"https:\/\/gudayterreros.com\/es\/politica-de-privacidad\/","og_locale":"es_ES","og_type":"article","og_title":"Pol\u00edtica de privacidad - ES - Guday Terreros","og_description":"POL\u00cdTICA DE PRIVACIDAD El objetivo de esta pol\u00edtica es informar a los interesados sobre los diferentes tratamientos realizados por esta organizaci\u00f3n mediante la p\u00e1gina web y que afectan a sus datos personales de conformidad con el establecimiento en la Ley Org\u00e1nica 3\/2018, de 5 de diciembre, de Protecci\u00f3n de Datos Personales y garant\u00eda de los [&hellip;]","og_url":"https:\/\/gudayterreros.com\/es\/politica-de-privacidad\/","og_site_name":"Guday Terreros","article_modified_time":"2022-03-24T16:01:20+00:00","twitter_card":"summary_large_image","twitter_misc":{"Tiempo de lectura":"5 minutos"},"schema":{"@context":"https:\/\/schema.org","@graph":[{"@type":"WebPage","@id":"https:\/\/gudayterreros.com\/es\/politica-de-privacidad\/","url":"https:\/\/gudayterreros.com\/es\/politica-de-privacidad\/","name":"Pol\u00edtica de privacidad - ES - Guday Terreros","isPartOf":{"@id":"https:\/\/gudayterreros.com\/es\/#website"},"datePublished":"2021-12-03T08:55:29+00:00","dateModified":"2022-03-24T16:01:20+00:00","breadcrumb":{"@id":"https:\/\/gudayterreros.com\/es\/politica-de-privacidad\/#breadcrumb"},"inLanguage":"es","potentialAction":[{"@type":"ReadAction","target":["https:\/\/gudayterreros.com\/es\/politica-de-privacidad\/"]}]},{"@type":"BreadcrumbList","@id":"https:\/\/gudayterreros.com\/es\/politica-de-privacidad\/#breadcrumb","itemListElement":[{"@type":"ListItem","position":1,"name":"Portada","item":"https:\/\/gudayterreros.com\/es\/"},{"@type":"ListItem","position":2,"name":"Pol\u00edtica de privacidad &#8211; ES"}]},{"@type":"WebSite","@id":"https:\/\/gudayterreros.com\/es\/#website","url":"https:\/\/gudayterreros.com\/es\/","name":"Guday Terreros","description":"Despacho Arquitectura","potentialAction":[{"@type":"SearchAction","target":{"@type":"EntryPoint","urlTemplate":"https:\/\/gudayterreros.com\/es\/?s={search_term_string}"},"query-input":"required name=search_term_string"}],"inLanguage":"es"}]}},"_links":{"self":[{"href":"https:\/\/gudayterreros.com\/es\/wp-json\/wp\/v2\/pages\/2769"}],"collection":[{"href":"https:\/\/gudayterreros.com\/es\/wp-json\/wp\/v2\/pages"}],"about":[{"href":"https:\/\/gudayterreros.com\/es\/wp-json\/wp\/v2\/types\/page"}],"author":[{"embeddable":true,"href":"https:\/\/gudayterreros.com\/es\/wp-json\/wp\/v2\/users\/1"}],"replies":[{"embeddable":true,"href":"https:\/\/gudayterreros.com\/es\/wp-json\/wp\/v2\/comments?post=2769"}],"version-history":[{"count":5,"href":"https:\/\/gudayterreros.com\/es\/wp-json\/wp\/v2\/pages\/2769\/revisions"}],"predecessor-version":[{"id":4593,"href":"https:\/\/gudayterreros.com\/es\/wp-json\/wp\/v2\/pages\/2769\/revisions\/4593"}],"wp:attachment":[{"href":"https:\/\/gudayterreros.com\/es\/wp-json\/wp\/v2\/media?parent=2769"}],"curies":[{"name":"wp","href":"https:\/\/api.w.org\/{rel}","templated":true}]}}